{"id":2254,"date":"2023-10-09T12:27:58","date_gmt":"2023-10-09T12:27:58","guid":{"rendered":"https:\/\/www.biosfor.eu\/sagrol-nf\/"},"modified":"2024-04-29T15:25:04","modified_gmt":"2024-04-29T15:25:04","slug":"sagrol-nf","status":"publish","type":"page","link":"https:\/\/www.biosfor.eu\/de\/technische-hilfsmittel\/sagrol-nf\/","title":{"rendered":"Sagrol NF"},"content":{"rendered":"<p>[et_pb_section fb_built=&#8220;1&#8243; _builder_version=&#8220;4.22.2&#8243; _module_preset=&#8220;default&#8220; global_colors_info=&#8220;{}&#8220;][et_pb_row _builder_version=&#8220;4.22.2&#8243; _module_preset=&#8220;default&#8220; global_colors_info=&#8220;{}&#8220;][et_pb_column type=&#8220;4_4&#8243; _builder_version=&#8220;4.22.2&#8243; _module_preset=&#8220;default&#8220; global_colors_info=&#8220;{}&#8220;][et_pb_text _builder_version=&#8220;4.24.0&#8243; _module_preset=&#8220;default&#8220; global_colors_info=&#8220;{}&#8220;]<\/p>\n<h1>Sagrol NF zur sicheren Reinigung von Landmaschinen<\/h1>\n<p>[\/et_pb_text][et_pb_text module_class=&#8220;annotation-box&#8220; _builder_version=&#8220;4.24.0&#8243; _module_preset=&#8220;default&#8220; global_colors_info=&#8220;{}&#8220;]<\/p>\n<p>Pr\u00e4parat zur sicheren Reinigung von Spritzanlagen und anderen landwirtschaftlichen Ger\u00e4ten.<\/p>\n<p>[\/et_pb_text][\/et_pb_column][\/et_pb_row][et_pb_row column_structure=&#8220;3_5,2_5&#8243; _builder_version=&#8220;4.22.2&#8243; _module_preset=&#8220;default&#8220; global_colors_info=&#8220;{}&#8220;][et_pb_column type=&#8220;3_5&#8243; _builder_version=&#8220;4.22.2&#8243; _module_preset=&#8220;default&#8220; global_colors_info=&#8220;{}&#8220;][et_pb_text _builder_version=&#8220;4.24.0&#8243; _module_preset=&#8220;default&#8220; global_colors_info=&#8220;{}&#8220;]<\/p>\n<ul>\n<li>beseitigt R\u00fcckst\u00e4nde von Pflanzenschutzmitteln in Spritzanlagen<\/li>\n<li>erleichtert das Waschen der Oberfl\u00e4chen landwirtschaftlicher Ger\u00e4te<\/li>\n<li>erh\u00f6ht den Korrosionsschutz der Innen- und Au\u00dfenfl\u00e4chen der Anlagen<\/li>\n<li>gew\u00e4hrleistet einen weithin sicheren Einsatz der Spritzanlagen<\/li>\n<\/ul>\n<p>[\/et_pb_text][et_pb_button button_url=&#8220;#contactForm&#8220; button_text=&#8220;SCHREIBEN SIE UNS!&#8220; _builder_version=&#8220;4.24.0&#8243; _module_preset=&#8220;default&#8220; global_colors_info=&#8220;{}&#8220;][\/et_pb_button][\/et_pb_column][et_pb_column type=&#8220;2_5&#8243; _builder_version=&#8220;4.22.2&#8243; _module_preset=&#8220;default&#8220; global_colors_info=&#8220;{}&#8220;][et_pb_image src=&#8220;https:\/\/www.biosfor.eu\/wp-content\/uploads\/sagrolnf-pro-cisteni-zemedelske-techniky.jpg&#8220; title_text=&#8220;Sagrol NF zur sicheren Reinigung von Landmaschinen&#8220; _builder_version=&#8220;4.24.0&#8243; _module_preset=&#8220;default&#8220; global_colors_info=&#8220;{}&#8220;][\/et_pb_image][\/et_pb_column][\/et_pb_row][et_pb_row column_structure=&#8220;3_5,2_5&#8243; _builder_version=&#8220;4.22.2&#8243; _module_preset=&#8220;default&#8220; global_colors_info=&#8220;{}&#8220;][et_pb_column type=&#8220;3_5&#8243; _builder_version=&#8220;4.22.2&#8243; _module_preset=&#8220;default&#8220; global_colors_info=&#8220;{}&#8220;][et_pb_text _builder_version=&#8220;4.24.0&#8243; _module_preset=&#8220;default&#8220; global_colors_info=&#8220;{}&#8220;]<\/p>\n<h2>Charakteristik und Wirkprinzip<\/h2>\n<p><strong>SAGROL NF <\/strong> enth\u00e4lt eine Mischung aus Natriumsilikat, Natriumtripolyphosphat und Natriumpercarbonat. Das Silikat in der Anwendungsl\u00f6sung wird teilweise zu Kiesels\u00e4ure in Form eines Sols hydrolysiert, in dem Wirkstoffreste von Pflanzenschutzmitteln, \u00d6len und anderen organischen Verunreinigungen absorbiert werden. Tripolyphosphat und Natriumpercarbonat bewirken den Abbau der Wirkstoffe der Pr\u00e4parate und erleichtern deren Aufnahme in das Kiesels\u00e4uresalz. Gleichzeitig wirkt Natriumtripolyphosphat <strong>als Korrosionsinhibitor<\/strong>.   <\/p>\n<p>[\/et_pb_text][\/et_pb_column][et_pb_column type=&#8220;2_5&#8243; _builder_version=&#8220;4.22.2&#8243; _module_preset=&#8220;default&#8220; global_colors_info=&#8220;{}&#8220;][et_pb_image src=&#8220;https:\/\/www.biosfor.eu\/wp-content\/uploads\/sagrol-nf-etiketa.png&#8220; title_text=&#8220;Sagrol-nf &#8211; Etikett&#8220; url=&#8220;\/wp-content\/uploads\/sagrol-nf-etiketa.png&#8220; url_new_window=&#8220;on&#8220; _builder_version=&#8220;4.24.0&#8243; _module_preset=&#8220;default&#8220; global_colors_info=&#8220;{}&#8220;][\/et_pb_image][\/et_pb_column][\/et_pb_row][et_pb_row _builder_version=&#8220;4.22.2&#8243; _module_preset=&#8220;default&#8220; global_colors_info=&#8220;{}&#8220;][et_pb_column type=&#8220;4_4&#8243; _builder_version=&#8220;4.22.2&#8243; _module_preset=&#8220;default&#8220; global_colors_info=&#8220;{}&#8220;][et_pb_text _builder_version=&#8220;4.24.0&#8243; _module_preset=&#8220;default&#8220; global_colors_info=&#8220;{}&#8220;]<\/p>\n<h2>Dokumente zum Herunterladen<\/h2>\n<ul class=\"attachments-files\">\n<li><i class=\"fa-duotone fa-file-pdf\"><\/i><a href=\"\/wp-content\/uploads\/sagrol-nf-technicka-specifikace.pdf\" target=\"_blank\" rel=\"noopener\">Sagrol NF &#8211; Technische Spezifikationen<\/a><br \/><span class=\"meta\">(PDF, 71,3 KB)<\/span><\/li>\n<li><i class=\"fa-duotone fa-file-pdf\"><\/i><a href=\"\/wp-content\/uploads\/sagrol-nf-bezpecnostni-list.pdf\" target=\"_blank\" rel=\"noopener\">Sagrol NF &#8211; Sicherheitsdatenblatt<\/a><br \/><span class=\"meta\">(PDF, 122,2 KB)<\/span><\/li>\n<\/ul>\n<p>[\/et_pb_text][\/et_pb_column][\/et_pb_row][\/et_pb_section]<\/p>\n","protected":false},"excerpt":{"rendered":"<p>Sagrol NF zur sicheren Reinigung von LandmaschinenPr\u00e4parat zur sicheren Reinigung von Spritzanlagen und anderen landwirtschaftlichen Ger\u00e4ten. beseitigt R\u00fcckst\u00e4nde von Pflanzenschutzmitteln in Spritzanlagen erleichtert das Waschen der Oberfl\u00e4chen landwirtschaftlicher Ger\u00e4te erh\u00f6ht den Korrosionsschutz der Innen- und Au\u00dfenfl\u00e4chen der Anlagen gew\u00e4hrleistet einen weithin sicheren Einsatz der Spritzanlagen Charakteristik und Wirkprinzip SAGROL NF enth\u00e4lt eine Mischung aus Natriumsilikat, [&hellip;]<\/p>\n","protected":false},"author":1,"featured_media":0,"parent":2257,"menu_order":0,"comment_status":"closed","ping_status":"closed","template":"","meta":{"_et_pb_use_builder":"on","_et_pb_old_content":"","_et_gb_content_width":"","inline_featured_image":false,"footnotes":""},"class_list":["post-2254","page","type-page","status-publish","hentry"],"_links":{"self":[{"href":"https:\/\/www.biosfor.eu\/de\/wp-json\/wp\/v2\/pages\/2254","targetHints":{"allow":["GET"]}}],"collection":[{"href":"https:\/\/www.biosfor.eu\/de\/wp-json\/wp\/v2\/pages"}],"about":[{"href":"https:\/\/www.biosfor.eu\/de\/wp-json\/wp\/v2\/types\/page"}],"author":[{"embeddable":true,"href":"https:\/\/www.biosfor.eu\/de\/wp-json\/wp\/v2\/users\/1"}],"replies":[{"embeddable":true,"href":"https:\/\/www.biosfor.eu\/de\/wp-json\/wp\/v2\/comments?post=2254"}],"version-history":[{"count":3,"href":"https:\/\/www.biosfor.eu\/de\/wp-json\/wp\/v2\/pages\/2254\/revisions"}],"predecessor-version":[{"id":2264,"href":"https:\/\/www.biosfor.eu\/de\/wp-json\/wp\/v2\/pages\/2254\/revisions\/2264"}],"up":[{"embeddable":true,"href":"https:\/\/www.biosfor.eu\/de\/wp-json\/wp\/v2\/pages\/2257"}],"wp:attachment":[{"href":"https:\/\/www.biosfor.eu\/de\/wp-json\/wp\/v2\/media?parent=2254"}],"curies":[{"name":"wp","href":"https:\/\/api.w.org\/{rel}","templated":true}]}}