{"id":2230,"date":"2023-10-10T11:22:57","date_gmt":"2023-10-10T11:22:57","guid":{"rendered":"https:\/\/www.biosfor.eu\/wachstumsstimulation-von-oelraps\/"},"modified":"2024-04-29T14:11:15","modified_gmt":"2024-04-29T14:11:15","slug":"wachstumsstimulation-von-oelraps","status":"publish","type":"page","link":"https:\/\/www.biosfor.eu\/de\/wachstumsstimulation-von-oelraps\/","title":{"rendered":"Wachstumsstimulation von \u00d6lraps"},"content":{"rendered":"<p>[et_pb_section fb_built=&#8220;1&#8243; _builder_version=&#8220;4.22.2&#8243; _module_preset=&#8220;default&#8220; global_colors_info=&#8220;{}&#8220;][et_pb_row _builder_version=&#8220;4.22.2&#8243; _module_preset=&#8220;default&#8220; global_colors_info=&#8220;{}&#8220;][et_pb_column type=&#8220;4_4&#8243; _builder_version=&#8220;4.22.2&#8243; _module_preset=&#8220;default&#8220; global_colors_info=&#8220;{}&#8220;][et_pb_post_title meta=&#8220;off&#8220; featured_image=&#8220;off&#8220; _builder_version=&#8220;4.22.2&#8243; _module_preset=&#8220;default&#8220; global_colors_info=&#8220;{}&#8220;][\/et_pb_post_title][et_pb_text _builder_version=&#8220;4.24.0&#8243; _module_preset=&#8220;default&#8220; global_colors_info=&#8220;{}&#8220;]<\/p>\n<h2>Basisstimulierung<\/h2>\n<ul>\n<li>T3 \u2013 HERGIT 0,2 l\/ha von der Knospenbildung bis zum Bl\u00fchbeginn (DC 45-60) in Kombination mit Insektiziden, Fungiziden oder Blattd\u00fcnger zum Zweck einer erh\u00f6hten Versorgung mit Bor und Schwefel (LISTER Komplex \u00d6lpflanzen, FOLIT Bor, S)<\/li>\n<\/ul>\n<p>[\/et_pb_text][et_pb_text _builder_version=&#8220;4.24.0&#8243; _module_preset=&#8220;default&#8220; global_colors_info=&#8220;{}&#8220;]<\/p>\n<h2>Bei l\u00e4ngerem und hartem Winter, bei hoher Anbauintensit\u00e4t<\/h2>\n<ul>\n<li>\n<p>T2 \u2013 REXAN 0,1 l\/ha zu Beginn der gesamten Wachstumsphase (DC 30-35) in Kombination mit Insektiziden, Herbiziden oder Blattd\u00fcnger (FOLIT Bor, S, P, K, LISTER Mo, Mn) inkl. DAM<\/p>\n<\/li>\n<li>\n<p>T3 \u2013 HERGIT 0,2 l\/ha von der Knospenbildung bis zum Bl\u00fchbeginn (DC 45-60) in Kombination mit Insektiziden, Fungiziden oder Blattd\u00fcnger zum Zweck einer h\u00f6hten Versorgung mit Bor und Schwefel (LISTER Komplex \u00d6lpflanzen, FOLIT Bor, S)<\/p>\n<\/li>\n<\/ul>\n<p>[\/et_pb_text][\/et_pb_column][\/et_pb_row][et_pb_row module_class=&#8220;img-full&#8220; _builder_version=&#8220;4.22.2&#8243; _module_preset=&#8220;default&#8220; global_colors_info=&#8220;{}&#8220;][et_pb_column type=&#8220;4_4&#8243; _builder_version=&#8220;4.22.2&#8243; _module_preset=&#8220;default&#8220; global_colors_info=&#8220;{}&#8220;][et_pb_text _builder_version=&#8220;4.24.0&#8243; _module_preset=&#8220;default&#8220; global_colors_info=&#8220;{}&#8220;]<\/p>\n<h2>Pflanzenempfehlung<\/h2>\n<p><strong>\u00d6lraps \u2013 Stimulierungs- und Blattern\u00e4hrungssystem<\/strong><\/p>\n<p>[\/et_pb_text][et_pb_image src=&#8220;https:\/\/www.biosfor.eu\/wp-content\/uploads\/Olraps-Stimulierungs-Blatternahrungssystem-w1500.png&#8220; title_text=&#8220;Olraps-Stimulierungs-Blatternahrungssystem-w1500&#8243; show_in_lightbox=&#8220;on&#8220; _builder_version=&#8220;4.25.0&#8243; _module_preset=&#8220;default&#8220; hover_enabled=&#8220;0&#8243; global_colors_info=&#8220;{}&#8220; sticky_enabled=&#8220;0&#8243;][\/et_pb_image][\/et_pb_column][\/et_pb_row][\/et_pb_section]<\/p>\n","protected":false},"excerpt":{"rendered":"<p>Basisstimulierung T3 \u2013 HERGIT 0,2 l\/ha von der Knospenbildung bis zum Bl\u00fchbeginn (DC 45-60) in Kombination mit Insektiziden, Fungiziden oder Blattd\u00fcnger zum Zweck einer erh\u00f6hten Versorgung mit Bor und Schwefel (LISTER Komplex \u00d6lpflanzen, FOLIT Bor, S) Bei l\u00e4ngerem und hartem Winter, bei hoher Anbauintensit\u00e4t T2 \u2013 REXAN 0,1 l\/ha zu Beginn der gesamten Wachstumsphase (DC [&hellip;]<\/p>\n","protected":false},"author":1,"featured_media":0,"parent":0,"menu_order":0,"comment_status":"closed","ping_status":"closed","template":"","meta":{"_et_pb_use_builder":"on","_et_pb_old_content":"","_et_gb_content_width":"","inline_featured_image":false,"footnotes":""},"class_list":["post-2230","page","type-page","status-publish","hentry"],"_links":{"self":[{"href":"https:\/\/www.biosfor.eu\/de\/wp-json\/wp\/v2\/pages\/2230","targetHints":{"allow":["GET"]}}],"collection":[{"href":"https:\/\/www.biosfor.eu\/de\/wp-json\/wp\/v2\/pages"}],"about":[{"href":"https:\/\/www.biosfor.eu\/de\/wp-json\/wp\/v2\/types\/page"}],"author":[{"embeddable":true,"href":"https:\/\/www.biosfor.eu\/de\/wp-json\/wp\/v2\/users\/1"}],"replies":[{"embeddable":true,"href":"https:\/\/www.biosfor.eu\/de\/wp-json\/wp\/v2\/comments?post=2230"}],"version-history":[{"count":3,"href":"https:\/\/www.biosfor.eu\/de\/wp-json\/wp\/v2\/pages\/2230\/revisions"}],"predecessor-version":[{"id":2247,"href":"https:\/\/www.biosfor.eu\/de\/wp-json\/wp\/v2\/pages\/2230\/revisions\/2247"}],"wp:attachment":[{"href":"https:\/\/www.biosfor.eu\/de\/wp-json\/wp\/v2\/media?parent=2230"}],"curies":[{"name":"wp","href":"https:\/\/api.w.org\/{rel}","templated":true}]}}