{"id":2192,"date":"2023-10-09T11:24:54","date_gmt":"2023-10-09T11:24:54","guid":{"rendered":"https:\/\/www.biosfor.eu\/wachstumsstimulanzien-fuer-eine-gesunde-entwicklung-der-ganzen-pflanze\/"},"modified":"2024-04-29T12:10:48","modified_gmt":"2024-04-29T12:10:48","slug":"wachstumsstimulanzien-fuer-eine-gesunde-entwicklung-der-ganzen-pflanze","status":"publish","type":"page","link":"https:\/\/www.biosfor.eu\/de\/wachstumsstimulanzien-fuer-eine-gesunde-entwicklung-der-ganzen-pflanze\/","title":{"rendered":"Wachstumsstimulanzien f\u00fcr eine gesunde Entwicklung der ganzen Pflanze"},"content":{"rendered":"<p>[et_pb_section fb_built=&#8220;1&#8243; _builder_version=&#8220;4.22.2&#8243; _module_preset=&#8220;default&#8220; global_colors_info=&#8220;{}&#8220;][et_pb_row _builder_version=&#8220;4.22.2&#8243; _module_preset=&#8220;default&#8220; global_colors_info=&#8220;{}&#8220;][et_pb_column type=&#8220;4_4&#8243; _builder_version=&#8220;4.22.2&#8243; _module_preset=&#8220;default&#8220; global_colors_info=&#8220;{}&#8220;][et_pb_post_title meta=&#8220;off&#8220; featured_image=&#8220;off&#8220; _builder_version=&#8220;4.22.2&#8243; _module_preset=&#8220;default&#8220; global_colors_info=&#8220;{}&#8220;][\/et_pb_post_title][et_pb_text module_class=&#8220;annotation-box&#8220; _builder_version=&#8220;4.24.0&#8243; _module_preset=&#8220;default&#8220; global_colors_info=&#8220;{}&#8220;]<\/p>\n<p>Wachstumsstimulanzien oder Wachstumsregulatoren sind Stoffe, welche die gesunde Entwicklung der gesamten Pflanze oder eines Teils derselben von der Keimung bis zur Samenreife positiv beeinflussen. Wachstumsregulatoren k\u00f6nnen nat\u00fcrlichen Ursprungs sein. In diesem Fall handelt es sich haupts\u00e4chlich um Phytohormone. Es gibt auch k\u00fcnstliche Substanzen, die oft dadurch wirken, dass sie die Funktion oder den Transport von Phytohormonen in der Pflanze blockieren, die dann im engeren Sinne als Wachstumsregulatoren bezeichnet werden k\u00f6nnen.  <\/p>\n<p>[\/et_pb_text][\/et_pb_column][\/et_pb_row][et_pb_row column_structure=&#8220;3_4,1_4&#8243; _builder_version=&#8220;4.22.2&#8243; _module_preset=&#8220;default&#8220; global_colors_info=&#8220;{}&#8220;][et_pb_column type=&#8220;3_4&#8243; _builder_version=&#8220;4.22.2&#8243; _module_preset=&#8220;default&#8220; global_colors_info=&#8220;{}&#8220;][et_pb_text _builder_version=&#8220;4.24.0&#8243; _module_preset=&#8220;default&#8220; global_colors_info=&#8220;{}&#8220;]<\/p>\n<p>Die Pflanzenwachstumsstimulanzien aus unserer Produktion sind das Ergebnis <strong>jahrelanger Forschung <\/strong> in Laboren. BIOSFOR ist ein rein <strong>tschechischer Hersteller<\/strong> von Pflanzenwachstumsregulatoren und anderen Hilfsstoffen f\u00fcr die Prim\u00e4rproduktion in der Landwirtschaft. Alle unsere Produkte sind <strong>patentgesch\u00fctzt<\/strong> und tragen &#8211; mit ein wenig Stolz &#8211; die Herkunftsbezeichnung \u201e<strong>Tschechisches Produkt<\/strong>\u201c.  <\/p>\n<p>Nach ihrer Funktion kann man Wachstumsregulatoren grob in Wachstumsstimulanzien und Wachstumsinhibitoren (Hemmstoffe) einteilen. Diese Einteilung ist jedoch ungenau, da jeder Stimulator in bestimmten F\u00e4llen auch eine hemmende Wirkung haben kann und jeder der Hemmstoffe eine bestimmte Art von Prozess hemmt, gleichzeitig jedoch dadurch ein anderer Prozess wiederum angeregt werden kann. <\/p>\n<p><strong>Wir sind bem\u00fcht, s\u00e4mtliche Kundenanfragen innerhalb von 3 Werktagen abzuarbeiten. <\/strong><\/p>\n<p>[\/et_pb_text][et_pb_button button_url=&#8220;#contactForm&#8220; button_text=&#8220;BESTELLEN&#8220; _builder_version=&#8220;4.24.0&#8243; _module_preset=&#8220;default&#8220; global_colors_info=&#8220;{}&#8220;][\/et_pb_button][\/et_pb_column][et_pb_column type=&#8220;1_4&#8243; _builder_version=&#8220;4.22.2&#8243; _module_preset=&#8220;default&#8220; global_colors_info=&#8220;{}&#8220;][et_pb_image src=&#8220;https:\/\/www.biosfor.eu\/wp-content\/uploads\/2023\/10\/sunagreen.png&#8220; alt=&#8220;Wachstumsstimulanzien &#8211; SUNAGREEN&#8220; title_text=&#8220;Sunagreen&#8220; _builder_version=&#8220;4.24.0&#8243; _module_preset=&#8220;default&#8220; global_colors_info=&#8220;{}&#8220;][\/et_pb_image][\/et_pb_column][\/et_pb_row][et_pb_row _builder_version=&#8220;4.22.2&#8243; _module_preset=&#8220;default&#8220; global_colors_info=&#8220;{}&#8220;][et_pb_column type=&#8220;4_4&#8243; _builder_version=&#8220;4.22.2&#8243; _module_preset=&#8220;default&#8220; global_colors_info=&#8220;{}&#8220;][et_pb_text _builder_version=&#8220;4.24.0&#8243; _module_preset=&#8220;default&#8220; global_colors_info=&#8220;{}&#8220;]<\/p>\n<h2>Warum diese bei uns kaufen?<\/h2>\n<ul>\n<li>Versuche mit unseren Pr\u00e4paraten, die an akkreditierten Teststandorten durchgef\u00fchrt wurden, zeigen langfristig einen nicht zu vernachl\u00e4ssigenden bis <strong>sehr signifikanten, positiven Effekt auf den Ertrag landwirtschaftlicher Nutzpflanzen. <\/strong><\/li>\n<li>Bei Vergleichstests mit \u00e4hnlichen Pr\u00e4paraten konnten unsere Produkte meist <strong>bessere Ergebnisse <\/strong> erzielen als jene unserer Mitbewerber.<\/li>\n<li>In unserem Angebot finden Sie hochwertige Pr\u00e4parate zur Stimulierung des Pflanzenwachstums, die \u2013 mit ein wenig Stolz \u2013 die zertifizierte Herkunftsbezeichnung \u201e<strong>Tschechisches Produkt<\/strong>\u201c tragen.<\/li>\n<\/ul>\n<p>Mit dem Markenpr\u00e4parat <strong>SUNAGREEN<\/strong> aus unserer Produktion wird <strong>Mohn auf etwa 80 % der gesamten Mohnanbaufl\u00e4che in Tschechien behandelt<\/strong>.<\/p>\n<p>[\/et_pb_text][\/et_pb_column][\/et_pb_row][et_pb_row _builder_version=&#8220;4.22.2&#8243; _module_preset=&#8220;default&#8220; global_colors_info=&#8220;{}&#8220;][et_pb_column type=&#8220;4_4&#8243; _builder_version=&#8220;4.22.2&#8243; _module_preset=&#8220;default&#8220; global_colors_info=&#8220;{}&#8220;][et_pb_text _builder_version=&#8220;4.24.0&#8243; _module_preset=&#8220;default&#8220; global_colors_info=&#8220;{}&#8220;]<\/p>\n<h2>Wozu dienen Stimulanzien und Regulatoren?<\/h2>\n<p>Wachstumsregulatoren beeinflussen die <strong>gesunde Entwicklung der gesamten Pflanze<\/strong> oder eines Teils derselben von der Keimung bis zur Samenreife. Diese Stoffe k\u00f6nnen nat\u00fcrlichen Ursprungs sein, in diesem Fall handelt es sich um <strong>Phytohormone<\/strong>. K\u00fcnstliche Substanzen blockieren hingegen h\u00e4ufig die Funktion oder den Transport von Phytohormonen in der Pflanze. Man kann von <strong>Wachstumsregulatoren im engeren Sinne sprechen<\/strong>.   <\/p>\n<p>Nach ihrer Funktion kann man Regulatoren in <strong>Wachstumsstimulanzien und Wachstumsinhibitoren <\/strong> (Hemmstoffe) einteilen. Wachstumsstimulanzien k\u00f6nnen jedoch in bestimmten F\u00e4llen auch eine hemmende Wirkung haben und jeder Hemmstoff kann eine bestimmte Art von Prozess hemmen, gleichzeitig jedoch kann dadurch wiederum ein anderer Prozess angeregt werden. In diesem Fall ist diese Einteilung <strong>als ungenau zu betrachten.<\/strong>  <\/p>\n<p>[\/et_pb_text][\/et_pb_column][\/et_pb_row][et_pb_row column_structure=&#8220;1_2,1_2&#8243; _builder_version=&#8220;4.22.2&#8243; _module_preset=&#8220;default&#8220; global_colors_info=&#8220;{}&#8220;][et_pb_column type=&#8220;1_2&#8243; _builder_version=&#8220;4.22.2&#8243; _module_preset=&#8220;default&#8220; global_colors_info=&#8220;{}&#8220;][et_pb_blurb url=&#8220;@ET-DC@eyJkeW5hbWljIjp0cnVlLCJjb250ZW50IjoicG9zdF9saW5rX3VybF9wYWdlIiwic2V0dGluZ3MiOnsicG9zdF9pZCI6IjE5MiJ9fQ==@&#8220; image=&#8220;https:\/\/www.biosfor.eu\/wp-content\/uploads\/2023\/10\/sunagreen.png&#8220; _builder_version=&#8220;4.24.0&#8243; _dynamic_attributes=&#8220;url&#8220; _module_preset=&#8220;default&#8220; hover_enabled=&#8220;0&#8243; global_colors_info=&#8220;{}&#8220; sticky_enabled=&#8220;0&#8243;]<\/p>\n<h2 class=\"card-title\"><a href=\"https:\/\/www.biosfor.eu\/de\/sunagreen-stimulator-fuer-pflanzenwachstum-pflanzenentwicklung\/\">Sunagreen<\/a><\/h2>\n<p>Ein etablierter Stimulator f\u00fcr das Pflanzenwachstum und die Pflanzenentwicklung, welcher zur Optimierung der Anzahl der produktiven Getreidekeimlinge und zur Steigerung der Ertragsqualit\u00e4t bestimmt ist. Er kann auch zur Steigerung des Ertrags und der Qualit\u00e4t von Zuckerrohr und Kartoffeln eingesetzt werden.<\/p>\n<p><strong>Einsatzbereich<\/strong>: Fr\u00fchjahrsgerste, Wintergetreide, \u00d6lraps, Kartoffeln, Zuckerr\u00fcben, Sonnenblumen, Sojabohnen und Schlafmohn[\/et_pb_blurb][\/et_pb_column][et_pb_column type=&#8220;1_2&#8243; _builder_version=&#8220;4.22.2&#8243; _module_preset=&#8220;default&#8220; global_colors_info=&#8220;{}&#8220;][et_pb_blurb url=&#8220;@ET-DC@eyJkeW5hbWljIjp0cnVlLCJjb250ZW50IjoicG9zdF9saW5rX3VybF9wYWdlIiwic2V0dGluZ3MiOnsicG9zdF9pZCI6IjIxNCJ9fQ==@&#8220; image=&#8220;https:\/\/www.biosfor.eu\/wp-content\/uploads\/hergit.png&#8220; _builder_version=&#8220;4.24.0&#8243; _dynamic_attributes=&#8220;url&#8220; _module_preset=&#8220;default&#8220; hover_enabled=&#8220;0&#8243; global_colors_info=&#8220;{}&#8220; sticky_enabled=&#8220;0&#8243;]<\/p>\n<h2 class=\"card-title\"><a href=\"https:\/\/www.biosfor.eu\/de\/hergit-stimulator-fuer-pflanzenentwicklung-und-pflanzenwachstum\/\">Hergit<\/a><\/h2>\n<p>Neu eingef\u00fchrter, hochwirksamer Stimulator f\u00fcr den Pflanzenwachstum und die Pflanzenentwicklung, vorrangig eingesetzt f\u00fcr Raps, Mohn, Sonnenblumen und \u2013 in h\u00f6heren Entwicklungsphasen \u2013 f\u00fcr weitere Kulturpflanzen, insbesondere f\u00fcr Getreide und Mais.<\/p>\n<p><strong>Einsatzbereich<\/strong>: \u00d6lraps, Mais, Sonnenblume, Schlafmohn<\/p>\n<p>[\/et_pb_blurb][\/et_pb_column][\/et_pb_row][et_pb_row column_structure=&#8220;1_2,1_2&#8243; _builder_version=&#8220;4.22.2&#8243; _module_preset=&#8220;default&#8220; global_colors_info=&#8220;{}&#8220;][et_pb_column type=&#8220;1_2&#8243; _builder_version=&#8220;4.22.2&#8243; _module_preset=&#8220;default&#8220; global_colors_info=&#8220;{}&#8220;][et_pb_blurb url=&#8220;@ET-DC@eyJkeW5hbWljIjp0cnVlLCJjb250ZW50IjoicG9zdF9saW5rX3VybF9wYWdlIiwic2V0dGluZ3MiOnsicG9zdF9pZCI6IjI2NiJ9fQ==@&#8220; image=&#8220;https:\/\/www.biosfor.eu\/wp-content\/uploads\/rexan.png&#8220; _builder_version=&#8220;4.24.0&#8243; _dynamic_attributes=&#8220;url&#8220; _module_preset=&#8220;default&#8220; hover_enabled=&#8220;0&#8243; global_colors_info=&#8220;{}&#8220; sticky_enabled=&#8220;0&#8243;]<\/p>\n<h2 class=\"card-title\"><a href=\"https:\/\/www.biosfor.eu\/de\/rexan-stimulator-fuer-pflanzenentwicklung-und-pflanzenwachstum\/\">Rexan<\/a><\/h2>\n<p>Bew\u00e4hrter Stimulator f\u00fcr den Pflanzenwachstum und die Pflanzenentwicklung, welcher traditionell vor der Bl\u00fcte bei Raps und neuerdings auch in fr\u00fchen Entwicklungsstadien von Winter- und Fr\u00fchjahrsgetreide eingesetzt wird, gegebenenfalls als Bestandteil in weniger intensiven Produktionstechnologien.<\/p>\n<p><strong>Einsatzbereich<\/strong>: Fr\u00fchjahrsgerste, Wintergetreide, \u00d6lraps<\/p>\n<p>[\/et_pb_blurb][\/et_pb_column][et_pb_column type=&#8220;1_2&#8243; _builder_version=&#8220;4.22.2&#8243; _module_preset=&#8220;default&#8220; global_colors_info=&#8220;{}&#8220;][et_pb_blurb url=&#8220;@ET-DC@eyJkeW5hbWljIjp0cnVlLCJjb250ZW50IjoicG9zdF9saW5rX3VybF9wYWdlIiwic2V0dGluZ3MiOnsicG9zdF9pZCI6IjE1NiJ9fQ==@&#8220; image=&#8220;https:\/\/www.biosfor.eu\/wp-content\/uploads\/m-sunagreen-thumb.svg&#8220; _builder_version=&#8220;4.24.0&#8243; _dynamic_attributes=&#8220;url&#8220; _module_preset=&#8220;default&#8220; hover_enabled=&#8220;0&#8243; global_colors_info=&#8220;{}&#8220; sticky_enabled=&#8220;0&#8243;]<\/p>\n<h2 class=\"card-title\"><a href=\"https:\/\/www.biosfor.eu\/de\/m-sunagreen-entwicklungsstimulator-und-wachstumsstimulator\/\">M-Sunagreen<\/a><\/h2>\n<p>Stimulator des Pflanzenwachstums und der Pflanzenentwicklung, der eine raschere und sicherere Entwicklung der Pflanzen in den Anfangsstadien der Entwicklung gew\u00e4hrleisten soll, versehen mit einer Formulierung, die zur Verwendung als Bestandteil in Fl\u00fcssigbeizmitteln geeignet ist.<\/p>\n<p><strong>Einsatzbereich<\/strong>: Fr\u00fchjahrsgerste, Wintergetreide, \u00d6lraps, Mohn, Mais<\/p>\n<p>[\/et_pb_blurb][\/et_pb_column][\/et_pb_row][et_pb_row _builder_version=&#8220;4.22.2&#8243; _module_preset=&#8220;default&#8220; global_colors_info=&#8220;{}&#8220;][et_pb_column type=&#8220;4_4&#8243; _builder_version=&#8220;4.22.2&#8243; _module_preset=&#8220;default&#8220; global_colors_info=&#8220;{}&#8220;][et_pb_button button_url=&#8220;@ET-DC@eyJkeW5hbWljIjp0cnVlLCJjb250ZW50IjoicG9zdF9saW5rX3VybF9wYWdlIiwic2V0dGluZ3MiOnsicG9zdF9pZCI6IjQwMiJ9fQ==@&#8220; button_text=&#8220;VERWENDUNG VON STIMULANZIEN&#8220; _builder_version=&#8220;4.24.0&#8243; _dynamic_attributes=&#8220;button_url&#8220; _module_preset=&#8220;default&#8220; global_colors_info=&#8220;{}&#8220;][\/et_pb_button][\/et_pb_column][\/et_pb_row][\/et_pb_section]<\/p>\n","protected":false},"excerpt":{"rendered":"<p>Wachstumsstimulanzien oder Wachstumsregulatoren sind Stoffe, welche die gesunde Entwicklung der gesamten Pflanze oder eines Teils derselben von der Keimung bis zur Samenreife positiv beeinflussen. Wachstumsregulatoren k\u00f6nnen nat\u00fcrlichen Ursprungs sein. In diesem Fall handelt es sich haupts\u00e4chlich um Phytohormone. Es gibt auch k\u00fcnstliche Substanzen, die oft dadurch wirken, dass sie die Funktion oder den Transport von [&hellip;]<\/p>\n","protected":false},"author":1,"featured_media":0,"parent":0,"menu_order":0,"comment_status":"closed","ping_status":"closed","template":"","meta":{"_et_pb_use_builder":"on","_et_pb_old_content":"","_et_gb_content_width":"","inline_featured_image":false,"footnotes":""},"class_list":["post-2192","page","type-page","status-publish","hentry"],"_links":{"self":[{"href":"https:\/\/www.biosfor.eu\/de\/wp-json\/wp\/v2\/pages\/2192","targetHints":{"allow":["GET"]}}],"collection":[{"href":"https:\/\/www.biosfor.eu\/de\/wp-json\/wp\/v2\/pages"}],"about":[{"href":"https:\/\/www.biosfor.eu\/de\/wp-json\/wp\/v2\/types\/page"}],"author":[{"embeddable":true,"href":"https:\/\/www.biosfor.eu\/de\/wp-json\/wp\/v2\/users\/1"}],"replies":[{"embeddable":true,"href":"https:\/\/www.biosfor.eu\/de\/wp-json\/wp\/v2\/comments?post=2192"}],"version-history":[{"count":5,"href":"https:\/\/www.biosfor.eu\/de\/wp-json\/wp\/v2\/pages\/2192\/revisions"}],"predecessor-version":[{"id":2197,"href":"https:\/\/www.biosfor.eu\/de\/wp-json\/wp\/v2\/pages\/2192\/revisions\/2197"}],"wp:attachment":[{"href":"https:\/\/www.biosfor.eu\/de\/wp-json\/wp\/v2\/media?parent=2192"}],"curies":[{"name":"wp","href":"https:\/\/api.w.org\/{rel}","templated":true}]}}