{"id":2163,"date":"2023-10-10T09:53:37","date_gmt":"2023-10-10T09:53:37","guid":{"rendered":"https:\/\/www.biosfor.eu\/stimulator-fuer-die-pflanzenentwicklung-und-den-pflanzenwachstum-rexan\/"},"modified":"2024-04-29T11:27:19","modified_gmt":"2024-04-29T11:27:19","slug":"rexan-stimulator-fuer-pflanzenentwicklung-und-pflanzenwachstum","status":"publish","type":"page","link":"https:\/\/www.biosfor.eu\/de\/rexan-stimulator-fuer-pflanzenentwicklung-und-pflanzenwachstum\/","title":{"rendered":"Stimulator f\u00fcr die Pflanzenentwicklung und den Pflanzenwachstum REXAN"},"content":{"rendered":"<p>[et_pb_section fb_built=&#8220;1&#8243; _builder_version=&#8220;4.22.2&#8243; _module_preset=&#8220;default&#8220; global_colors_info=&#8220;{}&#8220;][et_pb_row _builder_version=&#8220;4.22.2&#8243; _module_preset=&#8220;default&#8220; global_colors_info=&#8220;{}&#8220;][et_pb_column type=&#8220;4_4&#8243; _builder_version=&#8220;4.22.2&#8243; _module_preset=&#8220;default&#8220; global_colors_info=&#8220;{}&#8220;][et_pb_post_title meta=&#8220;off&#8220; featured_image=&#8220;off&#8220; _builder_version=&#8220;4.22.2&#8243; _module_preset=&#8220;default&#8220; global_colors_info=&#8220;{}&#8220;][\/et_pb_post_title][et_pb_text admin_label=&#8220;Anotace&#8220; module_class=&#8220;annotation-box&#8220; _builder_version=&#8220;4.23.4&#8243; _module_preset=&#8220;default&#8220; global_colors_info=&#8220;{}&#8220;]<\/p>\n<p>Ein bew\u00e4hrter Stimulator f\u00fcr die Pflanzenentwicklung und den Pflanzenwachstums, der traditionell vor der Bl\u00fcte bei Raps und neuerdings auch in den fr\u00fchen Entwicklungsphasen von Winter- und Sommergetreide eingesetzt wird, gegebenenfalls auch als Bestandteil weniger intensiver Produktionstechnologien.<\/p>\n<p><strong>Einsatzbereich<\/strong>: Fr\u00fchjahrsgerste, Wintergetreide, \u00d6lraps<\/p>\n<p>[\/et_pb_text][\/et_pb_column][\/et_pb_row][et_pb_row column_structure=&#8220;1_4,3_4&#8243; _builder_version=&#8220;4.22.2&#8243; _module_preset=&#8220;default&#8220; global_colors_info=&#8220;{}&#8220;][et_pb_column type=&#8220;1_4&#8243; _builder_version=&#8220;4.22.2&#8243; _module_preset=&#8220;default&#8220; global_colors_info=&#8220;{}&#8220;][et_pb_image src=&#8220;https:\/\/www.biosfor.eu\/wp-content\/uploads\/rexan.png&#8220; title_text=&#8220;Rexan&#8220; _builder_version=&#8220;4.22.2&#8243; _module_preset=&#8220;default&#8220; global_colors_info=&#8220;{}&#8220;][\/et_pb_image][\/et_pb_column][et_pb_column type=&#8220;3_4&#8243; _builder_version=&#8220;4.22.2&#8243; _module_preset=&#8220;default&#8220; global_colors_info=&#8220;{}&#8220;][et_pb_text _builder_version=&#8220;4.23.4&#8243; _module_preset=&#8220;default&#8220; global_colors_info=&#8220;{}&#8220;]<\/p>\n<p>Der Wachstums- und Entwicklungsstimulator REXAN wird traditionellerweise vor der Bl\u00fcte bei <strong>Raps<\/strong> angewendet. Seit einigen Jahren ist es gelungen, REXAN auch in den fr\u00fchen Entwicklungsphasen von <strong>Winter- und Sommergetreide<\/strong> einzusetzen, gegebenenfalls im Rahmen weniger intensiver Produktionstechnologien. REXAN steigert die Saatgutqualit\u00e4t und die Ertr\u00e4ge auch in anderen Kulturen und ist wasserl\u00f6slich.  <\/p>\n<p>Eine Spritzung mit REXAN kann auch mit <strong>D\u00fcngemitteln, Fungiziden, Insektiziden und selektiven Herbiziden<\/strong> kombiniert werden (nach R\u00fccksprache mit dem Lieferanten). Zudem besteht die M\u00f6glichkeit, das Produkt au\u00dferhalb der empfohlenen Zeitr\u00e4ume zum Zweck der <strong>Pflanzenregeneration<\/strong> einzusetzen, beispielsweise nach l\u00e4ngeren K\u00e4lteperioden, bei D\u00fcrre oder fehlendem Sonnenlicht. Alle BIOSFOR-Produkte sind patentgesch\u00fctzt und tragen die Herkunftsbezeichnung \u201e<strong>Tschechisches Produkt<\/strong>\u201c.  <\/p>\n<p>[\/et_pb_text][et_pb_text _builder_version=&#8220;4.23.4&#8243; _module_preset=&#8220;default&#8220; global_colors_info=&#8220;{}&#8220;]<\/p>\n<h3>Sie m\u00f6chten den Wachstumsstimulator REXAN bestellen?<\/h3>\n<p>[\/et_pb_text][et_pb_button button_url=&#8220;#contactform&#8220; button_text=&#8220;SCHREIBEN SIE UNS&#8220; _builder_version=&#8220;4.23.4&#8243; _module_preset=&#8220;default&#8220; global_colors_info=&#8220;{}&#8220;][\/et_pb_button][\/et_pb_column][\/et_pb_row][et_pb_row column_structure=&#8220;1_2,1_2&#8243; _builder_version=&#8220;4.22.2&#8243; _module_preset=&#8220;default&#8220; global_colors_info=&#8220;{}&#8220;][et_pb_column type=&#8220;1_2&#8243; _builder_version=&#8220;4.22.2&#8243; _module_preset=&#8220;default&#8220; global_colors_info=&#8220;{}&#8220;][et_pb_text _builder_version=&#8220;4.23.4&#8243; _module_preset=&#8220;default&#8220; global_colors_info=&#8220;{}&#8220;]<\/p>\n<h3>Verpackung<\/h3>\n<ul>\n<li>1 Liter PE-Flasche<\/li>\n<li>3 und 10 Liter PE-Kanister<\/li>\n<\/ul>\n<h3>Wirksubstanzen<\/h3>\n<ul>\n<li>2-Aminobenzoes\u00e4ure<\/li>\n<li>4-Hydroxyacetanilid<\/li>\n<\/ul>\n<h3>Dosierung<\/h3>\n<ul>\n<li>0,1 l\/ha in 150 &#8211; 400 l Wasser\/ha<\/li>\n<li>40-100 l Wasser\/ha bei Anwendung von der Luft aus<\/li>\n<\/ul>\n<p>[\/et_pb_text][\/et_pb_column][et_pb_column type=&#8220;1_2&#8243; _builder_version=&#8220;4.22.2&#8243; _module_preset=&#8220;default&#8220; global_colors_info=&#8220;{}&#8220;][et_pb_image src=&#8220;https:\/\/www.biosfor.eu\/wp-content\/uploads\/etiketa-rexan.png&#8220; title_text=&#8220;Etikett-rexan&#8220; _builder_version=&#8220;4.22.2&#8243; _module_preset=&#8220;default&#8220; global_colors_info=&#8220;{}&#8220;][\/et_pb_image][\/et_pb_column][\/et_pb_row][et_pb_row admin_label=&#8220;Tabelle&#8220; _builder_version=&#8220;4.22.2&#8243; _module_preset=&#8220;default&#8220; global_colors_info=&#8220;{}&#8220;][et_pb_column type=&#8220;4_4&#8243; _builder_version=&#8220;4.22.2&#8243; _module_preset=&#8220;default&#8220; global_colors_info=&#8220;{}&#8220;][et_pb_text _builder_version=&#8220;4.23.4&#8243; _module_preset=&#8220;default&#8220; global_colors_info=&#8220;{}&#8220;]<\/p>\n<h2>Empfohlene registrierte Anwendung<\/h2>\n<p>[\/et_pb_text][et_pb_text module_class=&#8220;ag-table&#8220; _builder_version=&#8220;4.25.0&#8243; _module_preset=&#8220;default&#8220; global_colors_info=&#8220;{}&#8220;]<\/p>\n<div class=\"div div-bordered\">\n<div class=\"row thead\">\n<div class=\"col\">Nutzpflanze<\/div>\n<div class=\"col\">gezielte Wirkung<\/div>\n<div class=\"col\">Anwendungszeitraum<\/div>\n<\/div>\n<div class=\"row\">\n<div class=\"col\"><strong>\u00d6lraps<\/strong><\/div>\n<div class=\"col\">\n<ul>\n<li>Regeneration nach der Winterzeit<\/li>\n<li>Stimulierung von Ertrag und Qualit\u00e4t<\/li>\n<\/ul>\n<\/div>\n<div class=\"col\">\n<p><strong>T1<\/strong>: 4. Blatt ausgebildet \u2013 Verl\u00e4ngerungswachstum (DC 14\u201336)<br \/><strong>T2<\/strong>: W\u00e4hrend der Knospenbildung, gelbe Knospen (DC 50\u201359)<br \/><strong>T3<\/strong>: In der Bl\u00fctezeit (DC 61\u201365)<\/p>\n<\/div>\n<\/div>\n<div class=\"row\">\n<div class=\"col\"><strong>Wintergetreide<\/strong><\/div>\n<div class=\"col\">\n<ul>\n<li>Stimulierung von Ertrag und Qualit\u00e4t<\/li>\n<\/ul>\n<\/div>\n<div class=\"col\"><strong>T1<\/strong>: 3. Blatt ausgebildet \u2013 Bestockung (DC 13\u201335)<br \/><strong>T2<\/strong>: 7 bis 10 Tage vor dem \u00c4hrenschieben (DC 37\u201345)<br \/><strong>T3<\/strong>: Nach dem Bl\u00fchende (DC 69\u201371)<\/div>\n<\/div>\n<div class=\"row\">\n<div class=\"col\"><strong>Fr\u00fchjahrsgerste<\/strong><\/div>\n<div class=\"col\">\n<ul>\n<li>Verdichtung des Wuchses, Ausgleichen der Ableger<\/li>\n<li>Stimulierung von Ertrag und Qualit\u00e4t<\/li>\n<\/ul>\n<\/div>\n<div class=\"col\"><strong>T1<\/strong>: W\u00e4hrend der Bestockung (DC 21\u201329)<br \/><strong>T2<\/strong>: 7 bis 10 Tage vor dem \u00c4hrenschieben (DC 37\u201345)<br \/><strong>T3<\/strong>: Nach dem Bl\u00fchende (DC 69\u201371)<\/div>\n<\/div>\n<\/div>\n<p>[\/et_pb_text][\/et_pb_column][\/et_pb_row][et_pb_row _builder_version=&#8220;4.22.2&#8243; _module_preset=&#8220;default&#8220; global_colors_info=&#8220;{}&#8220;][et_pb_column type=&#8220;4_4&#8243; _builder_version=&#8220;4.22.2&#8243; _module_preset=&#8220;default&#8220; global_colors_info=&#8220;{}&#8220;][et_pb_text _builder_version=&#8220;4.23.4&#8243; _module_preset=&#8220;default&#8220; global_colors_info=&#8220;{}&#8220;]<\/p>\n<h2>Dokumente zum Herunterladen<\/h2>\n<p>[\/et_pb_text][et_pb_text _builder_version=&#8220;4.22.2&#8243; _module_preset=&#8220;default&#8220; global_colors_info=&#8220;{}&#8220;]<\/p>\n<ul class=\"attachments-files\">\n<li><i class=\"fa-duotone fa-file-pdf\"><\/i><a href=\"\/wp-content\/uploads\/rexan-technicka-specifikace.pdf\" target=\"_blank\" rel=\"noopener\">Rexan \u2013 Technische Spezifikationen<\/a><br \/><span class=\"meta\">(PDF, 72,7&nbsp;KB)<\/span><\/li>\n<li><i class=\"fa-duotone fa-file-pdf\"><\/i><a href=\"\/wp-content\/uploads\/rexan-etiketa.pdf\" target=\"_blank\" rel=\"noopener\">Rexan \u2013 Etikett<\/a><br \/><span class=\"meta\">(PDF, 121,8&nbsp;KB)<\/span><\/li>\n<li><i class=\"fa-duotone fa-file-pdf\"><\/i><a href=\"\/wp-content\/uploads\/rexan-bezpecnostni-list.pdf\" target=\"_blank\" rel=\"noopener\">Rexan \u2013 Sicherheitsdatenblatt<\/a><br \/><span class=\"meta\">(PDF, 106,9&nbsp;KB)<\/span><\/li>\n<\/ul>\n<p>[\/et_pb_text][\/et_pb_column][\/et_pb_row][et_pb_row _builder_version=&#8220;4.22.2&#8243; _module_preset=&#8220;default&#8220; global_colors_info=&#8220;{}&#8220;][et_pb_column type=&#8220;4_4&#8243; _builder_version=&#8220;4.22.2&#8243; _module_preset=&#8220;default&#8220; global_colors_info=&#8220;{}&#8220;][et_pb_text _builder_version=&#8220;4.23.4&#8243; _module_preset=&#8220;default&#8220; global_colors_info=&#8220;{}&#8220;]<\/p>\n<h2>Fotogallerie Rexan<\/h2>\n<p>[\/et_pb_text][et_pb_gallery gallery_ids=&#8220;273,274&#8243; posts_number=&#8220;2&#8243; show_title_and_caption=&#8220;off&#8220; show_pagination=&#8220;off&#8220; _builder_version=&#8220;4.22.2&#8243; _module_preset=&#8220;default&#8220; global_colors_info=&#8220;{}&#8220;][\/et_pb_gallery][\/et_pb_column][\/et_pb_row][\/et_pb_section]<\/p>\n","protected":false},"excerpt":{"rendered":"<p>Ein bew\u00e4hrter Stimulator f\u00fcr die Pflanzenentwicklung und den Pflanzenwachstums, der traditionell vor der Bl\u00fcte bei Raps und neuerdings auch in den fr\u00fchen Entwicklungsphasen von Winter- und Sommergetreide eingesetzt wird, gegebenenfalls auch als Bestandteil weniger intensiver Produktionstechnologien. Einsatzbereich: Fr\u00fchjahrsgerste, Wintergetreide, \u00d6lrapsDer Wachstums- und Entwicklungsstimulator REXAN wird traditionellerweise vor der Bl\u00fcte bei Raps angewendet. Seit einigen Jahren [&hellip;]<\/p>\n","protected":false},"author":1,"featured_media":0,"parent":0,"menu_order":0,"comment_status":"closed","ping_status":"closed","template":"","meta":{"_et_pb_use_builder":"on","_et_pb_old_content":"","_et_gb_content_width":"","inline_featured_image":false,"footnotes":""},"class_list":["post-2163","page","type-page","status-publish","hentry"],"_links":{"self":[{"href":"https:\/\/www.biosfor.eu\/de\/wp-json\/wp\/v2\/pages\/2163","targetHints":{"allow":["GET"]}}],"collection":[{"href":"https:\/\/www.biosfor.eu\/de\/wp-json\/wp\/v2\/pages"}],"about":[{"href":"https:\/\/www.biosfor.eu\/de\/wp-json\/wp\/v2\/types\/page"}],"author":[{"embeddable":true,"href":"https:\/\/www.biosfor.eu\/de\/wp-json\/wp\/v2\/users\/1"}],"replies":[{"embeddable":true,"href":"https:\/\/www.biosfor.eu\/de\/wp-json\/wp\/v2\/comments?post=2163"}],"version-history":[{"count":3,"href":"https:\/\/www.biosfor.eu\/de\/wp-json\/wp\/v2\/pages\/2163\/revisions"}],"predecessor-version":[{"id":2179,"href":"https:\/\/www.biosfor.eu\/de\/wp-json\/wp\/v2\/pages\/2163\/revisions\/2179"}],"wp:attachment":[{"href":"https:\/\/www.biosfor.eu\/de\/wp-json\/wp\/v2\/media?parent=2163"}],"curies":[{"name":"wp","href":"https:\/\/api.w.org\/{rel}","templated":true}]}}