{"id":2153,"date":"2023-10-10T09:14:02","date_gmt":"2023-10-10T09:14:02","guid":{"rendered":"https:\/\/www.biosfor.eu\/stimulator-fuer-die-pflanzenentwicklung-und-den-pflanzenwachstum-hergit\/"},"modified":"2024-04-29T11:25:13","modified_gmt":"2024-04-29T11:25:13","slug":"hergit-stimulator-fuer-pflanzenentwicklung-und-pflanzenwachstum","status":"publish","type":"page","link":"https:\/\/www.biosfor.eu\/de\/hergit-stimulator-fuer-pflanzenentwicklung-und-pflanzenwachstum\/","title":{"rendered":"Stimulator f\u00fcr die Pflanzenentwicklung und den Pflanzenwachstum HERGIT"},"content":{"rendered":"<p>[et_pb_section fb_built=&#8220;1&#8243; _builder_version=&#8220;4.22.2&#8243; _module_preset=&#8220;default&#8220; global_colors_info=&#8220;{}&#8220;][et_pb_row _builder_version=&#8220;4.22.2&#8243; _module_preset=&#8220;default&#8220; global_colors_info=&#8220;{}&#8220;][et_pb_column type=&#8220;4_4&#8243; _builder_version=&#8220;4.22.2&#8243; _module_preset=&#8220;default&#8220; global_colors_info=&#8220;{}&#8220;][et_pb_post_title meta=&#8220;off&#8220; featured_image=&#8220;off&#8220; _builder_version=&#8220;4.22.2&#8243; _module_preset=&#8220;default&#8220; global_colors_info=&#8220;{}&#8220;][\/et_pb_post_title][et_pb_text admin_label=&#8220;Anotace&#8220; module_class=&#8220;annotation-box&#8220; _builder_version=&#8220;4.23.4&#8243; _module_preset=&#8220;default&#8220; global_colors_info=&#8220;{}&#8220;]<\/p>\n<p>Neu eingef\u00fchrter, hochwirksamer Stimulator f\u00fcr die Pflanzenentwicklung und den Pflanzenwachstum zur prim\u00e4ren Anwendung bei Raps, Mohn, Sonnenblumen und in h\u00f6heren Entwicklungsphasen weiterer Kulturpflanzen, insbesondere f\u00fcr Getreide und Mais.<\/p>\n<p><strong>Einsatzbereich<\/strong>: \u00d6lraps, Mais, Sonnenblume, Schlafmohn<\/p>\n<p>[\/et_pb_text][\/et_pb_column][\/et_pb_row][et_pb_row column_structure=&#8220;1_4,3_4&#8243; _builder_version=&#8220;4.22.2&#8243; _module_preset=&#8220;default&#8220; global_colors_info=&#8220;{}&#8220;][et_pb_column type=&#8220;1_4&#8243; _builder_version=&#8220;4.22.2&#8243; _module_preset=&#8220;default&#8220; global_colors_info=&#8220;{}&#8220;][et_pb_image src=&#8220;https:\/\/www.biosfor.eu\/wp-content\/uploads\/hergit.png&#8220; title_text=&#8220;Hergit&#8220; _builder_version=&#8220;4.22.2&#8243; _module_preset=&#8220;default&#8220; global_colors_info=&#8220;{}&#8220;][\/et_pb_image][\/et_pb_column][et_pb_column type=&#8220;3_4&#8243; _builder_version=&#8220;4.22.2&#8243; _module_preset=&#8220;default&#8220; global_colors_info=&#8220;{}&#8220;][et_pb_text _builder_version=&#8220;4.23.4&#8243; _module_preset=&#8220;default&#8220; global_colors_info=&#8220;{}&#8220;]<\/p>\n<p>HERGIT ist ein hochwirksamer und patentierter Wachstums- und Entwicklungsstimulator f\u00fcr Pflanzen. Er wird vor allem f\u00fcr Raps, Mohn, Weizen und in h\u00f6heren Entwicklungsstadien auch f\u00fcr andere Kulturpflanzen, wie etwa f\u00fcr Getreide und Mais, eingesetzt. HERGIT dient als pflanzliches Hilfspr\u00e4parat mit Anti-Stress-Wirkung. HERGIT erh\u00f6ht die Qualit\u00e4t und den Ertrag von Samen, Fr\u00fcchten und Knollen von Kulturpflanzen.   <\/p>\n<p>Das Pr\u00e4parat HERGIT wird als Spritzmittel dosiert und kann mit Blattd\u00fcngern, Fungiziden, Insektiziden und selektiven Herbiziden (nach R\u00fccksprache mit dem Lieferanten) kombiniert werden. Zus\u00e4tzlich besteht auch die M\u00f6glichkeit, das Spritzmittel auch au\u00dferhalb der empfohlenen Phasen zum Zweck der Regeneration, etwa nach l\u00e4ngeren K\u00e4lteperioden, bei fehlendem Sonnenlicht oder D\u00fcrre, oder zur Beseitigung eines Pestizidschocks einzusetzen. <\/p>\n<p>[\/et_pb_text][et_pb_text _builder_version=&#8220;4.23.4&#8243; _module_preset=&#8220;default&#8220; global_colors_info=&#8220;{}&#8220;]<\/p>\n<h3>M\u00f6chten Sie den Wachstumsstimulator HERGIT bestellen?<\/h3>\n<p>[\/et_pb_text][et_pb_button button_url=&#8220;#contactform&#8220; button_text=&#8220;SCHREIBEN SIE UNS&#8220; _builder_version=&#8220;4.23.4&#8243; _module_preset=&#8220;default&#8220; global_colors_info=&#8220;{}&#8220;][\/et_pb_button][\/et_pb_column][\/et_pb_row][et_pb_row column_structure=&#8220;1_2,1_2&#8243; _builder_version=&#8220;4.22.2&#8243; _module_preset=&#8220;default&#8220; global_colors_info=&#8220;{}&#8220;][et_pb_column type=&#8220;1_2&#8243; _builder_version=&#8220;4.22.2&#8243; _module_preset=&#8220;default&#8220; global_colors_info=&#8220;{}&#8220;][et_pb_text _builder_version=&#8220;4.25.0&#8243; _module_preset=&#8220;default&#8220; global_colors_info=&#8220;{}&#8220;]<\/p>\n<h3>Verpackung<\/h3>\n<ul>\n<li>3 und 10 Liter PE-Kanister<\/li>\n<\/ul>\n<h3>Wirksubstanzen<\/h3>\n<ul>\n<li>2-Aminobenzoes\u00e4ure<\/li>\n<li>2-Hydroxybenzoes\u00e4ure<\/li>\n<li>2-Aminopentandis\u00e4ure<\/li>\n<\/ul>\n<h3>Dosierung<\/h3>\n<ul>\n<li>0,2 l\/ha in 150-400 l Wasser\/ha<\/li>\n<li>40-100 l Wasser\/ha bei Anwendung von der Luft aus<\/li>\n<\/ul>\n<p>[\/et_pb_text][\/et_pb_column][et_pb_column type=&#8220;1_2&#8243; _builder_version=&#8220;4.22.2&#8243; _module_preset=&#8220;default&#8220; global_colors_info=&#8220;{}&#8220;][et_pb_image src=&#8220;https:\/\/www.biosfor.eu\/wp-content\/uploads\/etiketa-hergit.png&#8220; title_text=&#8220;Etikett-hergit&#8220; _builder_version=&#8220;4.22.2&#8243; _module_preset=&#8220;default&#8220; global_colors_info=&#8220;{}&#8220;][\/et_pb_image][\/et_pb_column][\/et_pb_row][et_pb_row admin_label=&#8220;Tabelle&#8220; _builder_version=&#8220;4.22.2&#8243; _module_preset=&#8220;default&#8220; global_colors_info=&#8220;{}&#8220;][et_pb_column type=&#8220;4_4&#8243; _builder_version=&#8220;4.22.2&#8243; _module_preset=&#8220;default&#8220; global_colors_info=&#8220;{}&#8220;][et_pb_text _builder_version=&#8220;4.25.0&#8243; _module_preset=&#8220;default&#8220; global_colors_info=&#8220;{}&#8220;]<\/p>\n<h2>Empfohlene registrierte Anwendung<\/h2>\n<p>[\/et_pb_text][et_pb_text module_class=&#8220;ag-table&#8220; _builder_version=&#8220;4.25.0&#8243; _module_preset=&#8220;default&#8220; global_colors_info=&#8220;{}&#8220;]<\/p>\n<div class=\"div div-bordered\">\n<div class=\"row thead\">\n<div class=\"col\">\n<p>Nutzpflanze<\/p>\n<\/div>\n<div class=\"col\">\n<p>gezielte Wirkung<\/p>\n<\/div>\n<div class=\"col\">\n<p>Anwendungszeitraum<\/p>\n<\/div>\n<\/div>\n<div class=\"row\">\n<div class=\"col\">\n<p><strong>\u00d6lraps<\/strong><\/p>\n<\/div>\n<div class=\"col\">\n<ul>\n<li>Regenerierung nach der Winterzeit und bei Stressfaktoren<\/li>\n<li>Stimulierung von Ertrag und Qualit\u00e4t<\/li>\n<li>Verbesserung der Keimf\u00e4higkeit von Pollenk\u00f6rnern<\/li>\n<li>Senkung der Reaktion auf Konkurrenz w\u00e4hrend der Bl\u00fctezeit<\/li>\n<\/ul>\n<\/div>\n<div class=\"col\">\n<div><strong>T1<\/strong>: Ab dem 5. echten Blatt bis zum Ende der Wachstumsphase (DC 15\u201339)<br \/>\n<strong>T2<\/strong>: W\u00e4hrend der Knospenbildung, gelbe Knospen (DC 50\u201359)<br \/>\n<strong>T3<\/strong>: Vom Ende der Bl\u00fcte bis zum Ende der Schotenentwicklung (DC 69\u201379)<\/div>\n<\/div>\n<\/div>\n<div class=\"row\">\n<div class=\"col\">\n<p><strong>Mais<\/strong><\/p>\n<\/div>\n<div class=\"col\">\n<ul>\n<li>Steigerung des Gewichts der Maiskolben<\/li>\n<li>Stimulierung von Ertrag und Qualit\u00e4t<\/li>\n<\/ul>\n<\/div>\n<div class=\"col\">\n<p><strong>T1<\/strong>: In der Entwicklungsphase von 6 Bl\u00e4ttern bis zum Ende der Wachstumsphase (DC 16\u201339)<br \/>\n<strong>T2<\/strong>: Ab dem Beginn der Kolbenausbildungsphase bis zum Ende der Bl\u00fctezeit (DC 51\u201369)<\/p>\n<\/div>\n<\/div>\n<div class=\"row\">\n<div class=\"col\">\n<p><strong>Sonnenblumen<\/strong><\/p>\n<\/div>\n<div class=\"col\">\n<ul>\n<li>Stimulierung von Ertrag und Qualit\u00e4t<\/li>\n<\/ul>\n<\/div>\n<div class=\"col\">\n<p><strong>T1<\/strong>: In der Phase der Blattausbildung, 5 Bl\u00e4tter bis zum Ende der Wachstumsphase (DC 15\u201339)<br \/>\n<strong>T2<\/strong>: Durchmesser des Bl\u00fctenkorbs ab 5 cm bis zur Bl\u00fcte (DC 53\u201361)<\/p>\n<\/div>\n<\/div>\n<div class=\"row\">\n<div class=\"col\">\n<p><strong>Schlafmohn<\/strong><\/p>\n<\/div>\n<div class=\"col\">\n<ul>\n<li>F\u00f6rderung der Bl\u00fcte<\/li>\n<li>Beschleunigung der Regeneration nach Herbiziden<\/li>\n<\/ul>\n<\/div>\n<div class=\"col\">\n<p><strong>T1<\/strong>: In der Phase der Blattausbildung, 5. echtes Blatt bis zum Ende der Wachstumsphase (DC 15\u201339)<br \/>\n<strong>T2<\/strong>: erste sichtbare Kronbl\u00e4tter (Vorbl\u00fctephase) bis zu 10 % der Bl\u00fcte (DC 59\u201361)<\/p>\n<\/div>\n<\/div>\n<div class=\"row\">\n<div class=\"col\">\n<p><strong>Wintergetreide<\/strong><\/p>\n<\/div>\n<div class=\"col\">\n<ul>\n<li>Stimulierung von Ertrag und Qualit\u00e4t<\/li>\n<\/ul>\n<\/div>\n<div class=\"col\">\n<p><strong>T1<\/strong>: In der Phase der Blattausbildung des 5. Blatts bis zum Ende der Bestockung (DC 15\u201335)<br \/>\n<strong>T2<\/strong>: Bei Ausbildung des letzten Blatts bis zum Beginn des \u00c4hrenschiebens (DC 37\u201351)<br \/>\n<strong>T3<\/strong>: Nach dem Bl\u00fchende (DC 69\u201371)<\/p>\n<\/div>\n<\/div>\n<div class=\"row\">\n<div class=\"col\">\n<p><strong>Fr\u00fchjahrsgetreide<\/strong><\/p>\n<\/div>\n<div class=\"col\">\n<ul>\n<li>Ausrichtung der Ableger<\/li>\n<li>Stimulierung von Ertrag und Qualit\u00e4t<\/li>\n<\/ul>\n<\/div>\n<div class=\"col\">\n<p><strong>T1<\/strong>: Ab Beginn der Verzweigung bis zum Ende der Bestockung (DC 21\u201335)<br \/>\n<strong>T2<\/strong>: Bei Ausbildung des letzten Blatts bis zum Beginn des \u00c4hrenschiebens (DC 37\u201351)<br \/>\n<strong>T3<\/strong>: Nach dem Bl\u00fchende (DC 69\u201371)<\/p>\n<\/div>\n<\/div>\n<div class=\"row\">\n<div class=\"col\">\n<p><strong>Kartoffeln<\/strong><\/p>\n<\/div>\n<div class=\"col\">\n<ul>\n<li>Stimulierung von Ertrag und Qualit\u00e4t<\/li>\n<\/ul>\n<\/div>\n<div class=\"col\">\n<p><strong>T1<\/strong>: Bei Bildung der Knospen bis zum Ende der Bl\u00fcte (DC 51\u201369)<\/p>\n<\/div>\n<\/div>\n<div class=\"row\">\n<div class=\"col\">\n<p><strong>Zuckerr\u00fcbe<\/strong><\/p>\n<\/div>\n<div class=\"col\">\n<ul>\n<li>Stimulierung von Ertrag und Qualit\u00e4t<\/li>\n<\/ul>\n<\/div>\n<div class=\"col\">\n<p><strong>T1<\/strong>: Ab dem 3. Bl\u00e4tterpaar bis zum Schie\u00dfen des Pflanzenstands (DC 23\u201345)<br \/>\n<strong>T2<\/strong>: Nach 2 \u2013 8 Wochen nach dem Schie\u00dfen des Pflanzenstands (DC 47\u201349)<\/p>\n<\/div>\n<\/div>\n<\/div>\n<p>[\/et_pb_text][\/et_pb_column][\/et_pb_row][et_pb_row _builder_version=&#8220;4.22.2&#8243; _module_preset=&#8220;default&#8220; global_colors_info=&#8220;{}&#8220;][et_pb_column type=&#8220;4_4&#8243; _builder_version=&#8220;4.22.2&#8243; _module_preset=&#8220;default&#8220; global_colors_info=&#8220;{}&#8220;][et_pb_text _builder_version=&#8220;4.23.4&#8243; _module_preset=&#8220;default&#8220; global_colors_info=&#8220;{}&#8220;]<\/p>\n<h2>Dokumente zum Herunterladen<\/h2>\n<p>[\/et_pb_text][et_pb_text _builder_version=&#8220;4.22.2&#8243; _module_preset=&#8220;default&#8220; global_colors_info=&#8220;{}&#8220;]<\/p>\n<ul class=\"attachments-files\">\n<li><i class=\"fa-duotone fa-file-pdf\"><\/i> <a href=\"\/wp-content\/uploads\/hergit-technicka-specifikace.pdf\" target=\"_blank\" rel=\"noopener\">Hergit &#8211; Technische Spezifikationen<\/a><span class=\"meta\">(PDF, 72,3&nbsp;KB)<\/span><\/li>\n<li><i class=\"fa-duotone fa-file-pdf\"><\/i> <a href=\"\/wp-content\/uploads\/hergit-etiketa.pdf\" target=\"_blank\" rel=\"noopener\">Hergit &#8211; Etikett<\/a><span class=\"meta\">(PDF, 135,7&nbsp;KB)<\/span><\/li>\n<li><i class=\"fa-duotone fa-file-pdf\"><\/i> <a href=\"\/wp-content\/uploads\/hergit-bezpecnostni-list.pdf\" target=\"_blank\" rel=\"noopener\">Hergit &#8211; Sicherheitsdatenblatt<\/a><span class=\"meta\">(PDF, 105,8&nbsp;KB)<\/span><\/li>\n<\/ul>\n<p>[\/et_pb_text][\/et_pb_column][\/et_pb_row][et_pb_row _builder_version=&#8220;4.22.2&#8243; _module_preset=&#8220;default&#8220; global_colors_info=&#8220;{}&#8220;][et_pb_column type=&#8220;4_4&#8243; _builder_version=&#8220;4.22.2&#8243; _module_preset=&#8220;default&#8220; global_colors_info=&#8220;{}&#8220;][et_pb_text _builder_version=&#8220;4.23.4&#8243; _module_preset=&#8220;default&#8220; global_colors_info=&#8220;{}&#8220;]<\/p>\n<h2>Fotogallerie Hergit<\/h2>\n<p>[\/et_pb_text][et_pb_gallery gallery_ids=&#8220;252,253&#8243; posts_number=&#8220;2&#8243; show_title_and_caption=&#8220;off&#8220; show_pagination=&#8220;off&#8220; _builder_version=&#8220;4.22.2&#8243; _module_preset=&#8220;default&#8220; global_colors_info=&#8220;{}&#8220;][\/et_pb_gallery][\/et_pb_column][\/et_pb_row][\/et_pb_section]<\/p>\n","protected":false},"excerpt":{"rendered":"<p>Neu eingef\u00fchrter, hochwirksamer Stimulator f\u00fcr die Pflanzenentwicklung und den Pflanzenwachstum zur prim\u00e4ren Anwendung bei Raps, Mohn, Sonnenblumen und in h\u00f6heren Entwicklungsphasen weiterer Kulturpflanzen, insbesondere f\u00fcr Getreide und Mais. Einsatzbereich: \u00d6lraps, Mais, Sonnenblume, SchlafmohnHERGIT ist ein hochwirksamer und patentierter Wachstums- und Entwicklungsstimulator f\u00fcr Pflanzen. Er wird vor allem f\u00fcr Raps, Mohn, Weizen und in h\u00f6heren Entwicklungsstadien [&hellip;]<\/p>\n","protected":false},"author":1,"featured_media":0,"parent":0,"menu_order":0,"comment_status":"closed","ping_status":"closed","template":"","meta":{"_et_pb_use_builder":"on","_et_pb_old_content":"","_et_gb_content_width":"","inline_featured_image":false,"footnotes":""},"class_list":["post-2153","page","type-page","status-publish","hentry"],"_links":{"self":[{"href":"https:\/\/www.biosfor.eu\/de\/wp-json\/wp\/v2\/pages\/2153","targetHints":{"allow":["GET"]}}],"collection":[{"href":"https:\/\/www.biosfor.eu\/de\/wp-json\/wp\/v2\/pages"}],"about":[{"href":"https:\/\/www.biosfor.eu\/de\/wp-json\/wp\/v2\/types\/page"}],"author":[{"embeddable":true,"href":"https:\/\/www.biosfor.eu\/de\/wp-json\/wp\/v2\/users\/1"}],"replies":[{"embeddable":true,"href":"https:\/\/www.biosfor.eu\/de\/wp-json\/wp\/v2\/comments?post=2153"}],"version-history":[{"count":5,"href":"https:\/\/www.biosfor.eu\/de\/wp-json\/wp\/v2\/pages\/2153\/revisions"}],"predecessor-version":[{"id":2158,"href":"https:\/\/www.biosfor.eu\/de\/wp-json\/wp\/v2\/pages\/2153\/revisions\/2158"}],"wp:attachment":[{"href":"https:\/\/www.biosfor.eu\/de\/wp-json\/wp\/v2\/media?parent=2153"}],"curies":[{"name":"wp","href":"https:\/\/api.w.org\/{rel}","templated":true}]}}