{"id":2135,"date":"2023-10-10T07:35:39","date_gmt":"2023-10-10T07:35:39","guid":{"rendered":"https:\/\/www.biosfor.eu\/stimulanzien-fuer-die-pflanzenentwicklung-und-den-pflanzenwachstum-sunagreen\/"},"modified":"2024-04-29T11:23:29","modified_gmt":"2024-04-29T11:23:29","slug":"sunagreen-stimulator-fuer-pflanzenwachstum-pflanzenentwicklung","status":"publish","type":"page","link":"https:\/\/www.biosfor.eu\/de\/sunagreen-stimulator-fuer-pflanzenwachstum-pflanzenentwicklung\/","title":{"rendered":"Stimulanzien f\u00fcr die Pflanzenentwicklung und den Pflanzenwachstum SUNAGREEN"},"content":{"rendered":"<p>[et_pb_section fb_built=&#8220;1&#8243; _builder_version=&#8220;4.22.2&#8243; _module_preset=&#8220;default&#8220; global_colors_info=&#8220;{}&#8220;][et_pb_row _builder_version=&#8220;4.22.2&#8243; _module_preset=&#8220;default&#8220; global_colors_info=&#8220;{}&#8220;][et_pb_column type=&#8220;4_4&#8243; _builder_version=&#8220;4.22.2&#8243; _module_preset=&#8220;default&#8220; global_colors_info=&#8220;{}&#8220;][et_pb_post_title meta=&#8220;off&#8220; featured_image=&#8220;off&#8220; _builder_version=&#8220;4.22.2&#8243; _module_preset=&#8220;default&#8220; global_colors_info=&#8220;{}&#8220;][\/et_pb_post_title][et_pb_text admin_label=&#8220;Anotace&#8220; module_class=&#8220;annotation-box&#8220; _builder_version=&#8220;4.23.4&#8243; _module_preset=&#8220;default&#8220; global_colors_info=&#8220;{}&#8220;]Ein etablierter Stimulator f\u00fcr das Pflanzenwachstum und die Pflanzenentwicklung, welcher zur Optimierung der Anzahl der produktiven Getreidekeimlinge und zur Steigerung der Ertragsqualit\u00e4t bestimmt ist. Ein solcher kann auch zur Steigerung des Ertrags und der Qualit\u00e4t von Zuckerr\u00fcben und Kartoffeln eingesetzt werden.<\/p>\n<p><strong>Einsatzbereich<\/strong>: Fr\u00fchjahrsgerste, Wintergetreide, \u00d6lraps, Kartoffeln, Zuckerr\u00fcben, Sonnenblumen, Sojabohnen und Schlafmohn<br \/>\n[\/et_pb_text][\/et_pb_column][\/et_pb_row][et_pb_row column_structure=&#8220;1_4,3_4&#8243; _builder_version=&#8220;4.22.2&#8243; _module_preset=&#8220;default&#8220; global_colors_info=&#8220;{}&#8220;][et_pb_column type=&#8220;1_4&#8243; _builder_version=&#8220;4.22.2&#8243; _module_preset=&#8220;default&#8220; global_colors_info=&#8220;{}&#8220;][et_pb_image src=&#8220;https:\/\/www.biosfor.eu\/wp-content\/uploads\/2023\/10\/sunagreen.png&#8220; title_text=&#8220;Sunagreen&#8220; _builder_version=&#8220;4.22.2&#8243; _module_preset=&#8220;default&#8220; global_colors_info=&#8220;{}&#8220;][\/et_pb_image][\/et_pb_column][et_pb_column type=&#8220;3_4&#8243; _builder_version=&#8220;4.22.2&#8243; _module_preset=&#8220;default&#8220; global_colors_info=&#8220;{}&#8220;][et_pb_text _builder_version=&#8220;4.23.4&#8243; _module_preset=&#8220;default&#8220; global_colors_info=&#8220;{}&#8220;]Der Pflanzenwachstumsstimulator SUNAGREEN ist ein bew\u00e4hrtes, patentgesch\u00fctztes Produkt zur <strong>Optimierung der Anzahl<\/strong> produktiver Getreidekeimlinge und zur <strong>Steigerung der Ertragsqualit\u00e4t<\/strong>. Er kann auch zur Steigerung der Ertragsqualit\u00e4t von Samen, Fr\u00fcchten und Knollen von Zuckerr\u00fcben, Sonnenblumen, Mohn, Kartoffeln und anderen Kulturpflanzen eingesetzt werden. Das Produkt wird als <strong>Spritzmittel in Form<\/strong> eines mit Wasser verd\u00fcnnten Fl\u00fcssigkonzentrats zubereitet.<\/p>\n<p>Die Spritzung mit SUNAGREEN kann mit <strong>Blattd\u00fcngern, Fungiziden, Insektiziden<\/strong> und <strong>selektiven Herbiziden<\/strong> kombiniert werden (nach R\u00fccksprache mit den Lieferanten). Zus\u00e4tzlich gibt es die M\u00f6glichkeit, das Produkt au\u00dferhalb der empfohlenen Zeitr\u00e4ume <strong>zum Zweck der Pflanzenregeneration<\/strong>, etwa nach l\u00e4ngerer K\u00e4lteperiode, Trockenheit oder fehlendem Sonnenlicht, einzusetzen. Alle BIOSFOR-Produkte sind patentgesch\u00fctzt und tragen die Herkunftsbezeichnung \u201eTschechisches Produkt\u201c.<br \/>\n[\/et_pb_text][et_pb_text _builder_version=&#8220;4.23.4&#8243; _module_preset=&#8220;default&#8220; global_colors_info=&#8220;{}&#8220;]<\/p>\n<h3>Sie m\u00f6chten <strong>SUNAGREEN bestellen<\/strong>?<\/h3>\n<p>[\/et_pb_text][et_pb_button button_url=&#8220;#contactform&#8220; button_text=&#8220;SCHREIBEN SIE UNS&#8220; _builder_version=&#8220;4.23.4&#8243; _module_preset=&#8220;default&#8220; global_colors_info=&#8220;{}&#8220;][\/et_pb_button][\/et_pb_column][\/et_pb_row][et_pb_row column_structure=&#8220;1_2,1_2&#8243; _builder_version=&#8220;4.22.2&#8243; _module_preset=&#8220;default&#8220; global_colors_info=&#8220;{}&#8220;][et_pb_column type=&#8220;1_2&#8243; _builder_version=&#8220;4.22.2&#8243; _module_preset=&#8220;default&#8220; global_colors_info=&#8220;{}&#8220;][et_pb_text _builder_version=&#8220;4.23.4&#8243; _module_preset=&#8220;default&#8220; global_colors_info=&#8220;{}&#8220;]<\/p>\n<h3>Verpackung<\/h3>\n<ul>\n<li>3 und 10 Liter PE-Kanister<\/li>\n<\/ul>\n<h3>Wirksubstanzen<\/h3>\n<ul>\n<li>2-Aminobenzoes\u00e4ure<\/li>\n<li>2-Hydroxybenzoes\u00e4ure<\/li>\n<\/ul>\n<h3>Dosierung<\/h3>\n<ul>\n<li>5 l\/ha in 150\u2013400 l Wasser\/ha (40-100 l Wasser\/ha bei Anwendung von der Luft aus)<\/li>\n<\/ul>\n<p>[\/et_pb_text][\/et_pb_column][et_pb_column type=&#8220;1_2&#8243; _builder_version=&#8220;4.22.2&#8243; _module_preset=&#8220;default&#8220; global_colors_info=&#8220;{}&#8220;][et_pb_image src=&#8220;https:\/\/www.biosfor.eu\/wp-content\/uploads\/2023\/10\/etiketa-sunagreen.png&#8220; title_text=&#8220;sunagreen-Etikett&#8220; _builder_version=&#8220;4.22.2&#8243; _module_preset=&#8220;default&#8220; global_colors_info=&#8220;{}&#8220;][\/et_pb_image][\/et_pb_column][\/et_pb_row][et_pb_row admin_label=&#8220;Tabelle&#8220; _builder_version=&#8220;4.22.2&#8243; _module_preset=&#8220;default&#8220; global_colors_info=&#8220;{}&#8220;][et_pb_column type=&#8220;4_4&#8243; _builder_version=&#8220;4.22.2&#8243; _module_preset=&#8220;default&#8220; global_colors_info=&#8220;{}&#8220;][et_pb_text _builder_version=&#8220;4.23.4&#8243; _module_preset=&#8220;default&#8220; global_colors_info=&#8220;{}&#8220;]<\/p>\n<h2>Empfohlene registrierte Anwendung<\/h2>\n<p>[\/et_pb_text][et_pb_text module_class=&#8220;ag-table&#8220; _builder_version=&#8220;4.23.4&#8243; _module_preset=&#8220;default&#8220; global_colors_info=&#8220;{}&#8220;]<\/p>\n<div class=\"div div-bordered\">\n<div class=\"row thead\">\n<div class=\"col\">Nutzpflanze<\/div>\n<div class=\"col\">gezielte Wirkung<\/div>\n<div class=\"col\">Anwendungszeitraum<\/div>\n<\/p><\/div>\n<div class=\"row\">\n<div class=\"col\"><strong>Kartoffeln<\/strong><\/div>\n<div class=\"col\">\n<ul>\n<li>Positive Wirkung auf die Knollengr\u00f6\u00dfe<\/li>\n<li>Stimulierung von Ertrag und Qualit\u00e4t<\/li>\n<li>Erh\u00f6hung des St\u00e4rkegehalts <\/li>\n<\/ul><\/div>\n<div class=\"col\">\n<p><strong>T1<\/strong>: Bei Bl\u00fchbeginn (DC 51-52)<br \/>\n                <strong>T2<\/strong>: Am Ende der Bl\u00fchphase (DC 65-69)\n            <\/p>\n<\/p><\/div>\n<\/p><\/div>\n<div class=\"row\">\n<div class=\"col\"><strong>Wintergetreide<\/strong><\/div>\n<div class=\"col\">\n<ul>\n<li>St\u00e4rkung und Ausrichtung der Ableger<\/li>\n<li>Stimulierung von Ertrag und Qualit\u00e4t<\/li>\n<\/ul><\/div>\n<div class=\"col\">\n<p><strong>T1<\/strong>: Im Verlauf der Verzweigung \u2013 Bestockung (DC 22-35)<br \/>\n                <strong>T2<\/strong>: 7 bis 10 Tage vor dem \u00c4hrenschieben (DC 37-45)<br \/>\n                <strong>T3<\/strong>: Nach der Bl\u00fcte (DC 69-71)\n            <\/p>\n<\/p><\/div>\n<\/p><\/div>\n<div class=\"row\">\n<div class=\"col\"><strong>Fr\u00fchjahrsgerste<\/strong><\/div>\n<div class=\"col\">\n<ul>\n<li>Ausrichtung der Ableger<\/li>\n<li>Reduzierung des Gehalts an N-Stoffen<\/li>\n<li>Stimulierung von Ertrag und Qualit\u00e4t<\/li>\n<\/ul><\/div>\n<div class=\"col\"><strong>T1<\/strong>: Im Verlauf der Verzweigung \u2013 Bestockung (DC 22\u201335)<br \/>\n            <strong>T2<\/strong>: 7 bis 10 Tage vor dem \u00c4hrenschieben (DC 37\u201345)<br \/>\n            <strong>T3<\/strong>: Nach der Bl\u00fcte (DC 69-71)\n        <\/div>\n<\/p><\/div>\n<div class=\"row\">\n<div class=\"col\"><strong>Zuckerr\u00fcben<\/strong><\/div>\n<div class=\"col\">\n<ul>\n<li>Stimulierung von Ertrag und Qualit\u00e4t<\/li>\n<li>Steigerung der Ausbeute an wei\u00dfem Zucker<\/li>\n<\/ul><\/div>\n<div class=\"col\">\n<p><strong>T1<\/strong>: In der Phase der Blattausbildung (sechs Bl\u00e4tter) bis zum Schlie\u00dfen des Pflanzenstands (DC 23\u201341)<br \/>\n                <strong>T2<\/strong>: 4\u20138 Wochen nach Schlie\u00dfen des Pflanzenstands (DC 48\u201349)\n            <\/p>\n<\/p><\/div>\n<\/p><\/div>\n<div class=\"row\">\n<div class=\"col\"><strong>\u00d6lraps<\/strong><\/div>\n<div class=\"col\">\n<ul>\n<li>Stimulierung von Ertrag und Qualit\u00e4t<\/li>\n<\/ul><\/div>\n<div class=\"col\">\n<p><strong>T1<\/strong>: In der vegetativen Entwicklungsphase (DC 30\u201335)<br \/>\n                <strong>T2<\/strong>: W\u00e4hrend der Knospenbildung, gelbe Knospen (DC 50\u201359)<br \/>\n                <strong>T3<\/strong>: In der Bl\u00fctephase (DC 61\u201365)\n            <\/p>\n<\/p><\/div>\n<\/p><\/div>\n<div class=\"row\">\n<div class=\"col\"><strong>Sonnenblumen<\/strong><\/div>\n<div class=\"col\">\n<ul>\n<li>Stimulierung von Ertrag und Qualit\u00e4t<\/li>\n<\/ul><\/div>\n<div class=\"col\"><strong>T1<\/strong>: In der Phase der Blattausbildung, 5 &#8211; 8 echte Bl\u00e4tter (DC 15\u201325)<br \/>\n            <strong>T2<\/strong>: Durchmesser des Bl\u00fctenkorbs ab 5 cm bis zur Bl\u00fcte (DC 53\u201361)\n        <\/div>\n<\/p><\/div>\n<div class=\"row\">\n<div class=\"col\"><strong>Sojabohnen<\/strong><\/div>\n<div class=\"col\">\n<ul>\n<li>Erh\u00f6hte Anzahl an unteren H\u00fclsen<\/li>\n<li>Stimulierung von Ertrag und Qualit\u00e4t<\/li>\n<\/ul><\/div>\n<div class=\"col\"><strong>T1<\/strong>: Dreiblatt am ersten bis vierten Nodium (DC 29\u201333)<br \/>\n            <strong>T2<\/strong>: Bl\u00fctenknospen an jedem Nodium \u2013 Bl\u00fcten gro\u00dfteils in voller Bl\u00fcte (DC 59\u201365)\n        <\/div>\n<\/p><\/div>\n<div class=\"row\">\n<div class=\"col\"><strong>Schlafmohn<\/strong><\/div>\n<div class=\"col\">\n<ul>\n<li>Beschleunigung der Regeneration nach Anwendung von Herbiziden<\/li>\n<\/ul><\/div>\n<div class=\"col\"><strong>T1<\/strong>: In der Phase der Blattausbildung, 5 &#8211; 7 echte Bl\u00e4tter (DC 15\u201317)<br \/>\n            <strong>T2<\/strong>: Erste sichtbare Kronbl\u00e4tter \u2013 10 % der Bl\u00fcte (DC 59\u201361)\n        <\/div>\n<\/p><\/div>\n<\/div>\n<p>[\/et_pb_text][\/et_pb_column][\/et_pb_row][et_pb_row _builder_version=&#8220;4.22.2&#8243; _module_preset=&#8220;default&#8220; global_colors_info=&#8220;{}&#8220;][et_pb_column type=&#8220;4_4&#8243; _builder_version=&#8220;4.22.2&#8243; _module_preset=&#8220;default&#8220; global_colors_info=&#8220;{}&#8220;][et_pb_text _builder_version=&#8220;4.23.4&#8243; _module_preset=&#8220;default&#8220; global_colors_info=&#8220;{}&#8220;]<\/p>\n<h2>Dokumente zum Herunterladen<\/h2>\n<p>[\/et_pb_text][et_pb_text _builder_version=&#8220;4.22.2&#8243; _module_preset=&#8220;default&#8220; global_colors_info=&#8220;{}&#8220;]<\/p>\n<ul class=\"attachments-files\">\n<li><i class=\"fa-duotone fa-file-pdf\"><\/i> <a href=\"\/wp-content\/uploads\/sunagreen-technicka-specifikace.pdf\" target=\"_blank\" rel=\"noopener\">Sunagreen &#8211; Technische Spezifikationen<\/a> <span class=\"meta\">(PDF, 72,3 KB)<\/span><\/li>\n<li><i class=\"fa-duotone fa-file-pdf\"><\/i> <a href=\"\/wp-content\/uploads\/etiketa-sunagreen-10l.pdf\" target=\"_blank\" rel=\"noopener\">Sunagreen &#8211; Etikett<\/a> <span class=\"meta\">(PDF, 128,1 KB)<\/span><\/li>\n<li><i class=\"fa-duotone fa-file-pdf\"><\/i> <a href=\"\/wp-content\/uploads\/sunagreen-bezpecnostni-list.pdf\" target=\"_blank\" rel=\"noopener\">Sunagreen &#8211; Sicherheitsdatenblatt<\/a> <span class=\"meta\">(PDF, 106,1 KB)<\/span><\/li>\n<li><i class=\"fa-duotone fa-file-pdf\"><\/i> <a href=\"\/wp-content\/uploads\/a3-system-stimulace-obilovin-20120.pdf\" target=\"_blank\" rel=\"noopener\">A3 Getreidestimulationssystem 2012<\/a> <span class=\"meta\">(PDF, 5,3 MB)<\/span><\/li>\n<\/ul>\n<p>[\/et_pb_text][\/et_pb_column][\/et_pb_row][et_pb_row _builder_version=&#8220;4.22.2&#8243; _module_preset=&#8220;default&#8220; global_colors_info=&#8220;{}&#8220;][et_pb_column type=&#8220;4_4&#8243; _builder_version=&#8220;4.22.2&#8243; _module_preset=&#8220;default&#8220; global_colors_info=&#8220;{}&#8220;][et_pb_text _builder_version=&#8220;4.23.4&#8243; _module_preset=&#8220;default&#8220; global_colors_info=&#8220;{}&#8220;]<\/p>\n<h2>Fotogalerie<\/h2>\n<p>[\/et_pb_text][et_pb_gallery gallery_ids=&#8220;211,212&#8243; posts_number=&#8220;2&#8243; show_title_and_caption=&#8220;off&#8220; show_pagination=&#8220;off&#8220; _builder_version=&#8220;4.23.4&#8243; _module_preset=&#8220;default&#8220; global_colors_info=&#8220;{}&#8220;][\/et_pb_gallery][\/et_pb_column][\/et_pb_row][\/et_pb_section]<\/p>\n","protected":false},"excerpt":{"rendered":"<p>Ein etablierter Stimulator f\u00fcr das Pflanzenwachstum und die Pflanzenentwicklung, welcher zur Optimierung der Anzahl der produktiven Getreidekeimlinge und zur Steigerung der Ertragsqualit\u00e4t bestimmt ist. Ein solcher kann auch zur Steigerung des Ertrags und der Qualit\u00e4t von Zuckerr\u00fcben und Kartoffeln eingesetzt werden. Einsatzbereich: Fr\u00fchjahrsgerste, Wintergetreide, \u00d6lraps, Kartoffeln, Zuckerr\u00fcben, Sonnenblumen, Sojabohnen und Schlafmohn Der Pflanzenwachstumsstimulator SUNAGREEN ist [&hellip;]<\/p>\n","protected":false},"author":1,"featured_media":0,"parent":0,"menu_order":0,"comment_status":"closed","ping_status":"closed","template":"","meta":{"_et_pb_use_builder":"on","_et_pb_old_content":"","_et_gb_content_width":"","inline_featured_image":false,"footnotes":""},"class_list":["post-2135","page","type-page","status-publish","hentry"],"_links":{"self":[{"href":"https:\/\/www.biosfor.eu\/de\/wp-json\/wp\/v2\/pages\/2135","targetHints":{"allow":["GET"]}}],"collection":[{"href":"https:\/\/www.biosfor.eu\/de\/wp-json\/wp\/v2\/pages"}],"about":[{"href":"https:\/\/www.biosfor.eu\/de\/wp-json\/wp\/v2\/types\/page"}],"author":[{"embeddable":true,"href":"https:\/\/www.biosfor.eu\/de\/wp-json\/wp\/v2\/users\/1"}],"replies":[{"embeddable":true,"href":"https:\/\/www.biosfor.eu\/de\/wp-json\/wp\/v2\/comments?post=2135"}],"version-history":[{"count":6,"href":"https:\/\/www.biosfor.eu\/de\/wp-json\/wp\/v2\/pages\/2135\/revisions"}],"predecessor-version":[{"id":2178,"href":"https:\/\/www.biosfor.eu\/de\/wp-json\/wp\/v2\/pages\/2135\/revisions\/2178"}],"wp:attachment":[{"href":"https:\/\/www.biosfor.eu\/de\/wp-json\/wp\/v2\/media?parent=2135"}],"curies":[{"name":"wp","href":"https:\/\/api.w.org\/{rel}","templated":true}]}}