{"id":2039,"date":"2023-10-10T22:38:55","date_gmt":"2023-10-10T22:38:55","guid":{"rendered":"https:\/\/www.biosfor.eu\/preisliste\/"},"modified":"2024-02-19T17:20:46","modified_gmt":"2024-02-19T17:20:46","slug":"preisliste","status":"publish","type":"page","link":"https:\/\/www.biosfor.eu\/de\/preisliste\/","title":{"rendered":"Preisliste"},"content":{"rendered":"<p>[et_pb_section fb_built=&#8220;1&#8243; _builder_version=&#8220;4.22.2&#8243; _module_preset=&#8220;default&#8220; global_colors_info=&#8220;{}&#8220;][et_pb_row _builder_version=&#8220;4.22.2&#8243; _module_preset=&#8220;default&#8220; global_colors_info=&#8220;{}&#8220;][et_pb_column type=&#8220;4_4&#8243; _builder_version=&#8220;4.22.2&#8243; _module_preset=&#8220;default&#8220; global_colors_info=&#8220;{}&#8220;][et_pb_text module_class=&#8220;annotation-box&#8220; _builder_version=&#8220;4.23.4&#8243; _module_preset=&#8220;default&#8220; hover_enabled=&#8220;0&#8243; global_colors_info=&#8220;{}&#8220; sticky_enabled=&#8220;0&#8243;]<\/p>\n<h1>Preisliste f\u00fcr D\u00fcngermittel und Wachstumsstimulanzien f\u00fcr die Landwirtschaft<br \/>\n<\/h1>\n<p>[\/et_pb_text][et_pb_text module_class=&#8220;annotation-box&#8220; _builder_version=&#8220;4.23.4&#8243; _module_preset=&#8220;default&#8220; hover_enabled=&#8220;0&#8243; global_colors_info=&#8220;{}&#8220; sticky_enabled=&#8220;0&#8243;]<\/p>\n<p>Wir liefern Wachstumsstimulanzien, Blattd\u00fcnger und technische Pr\u00e4parate stets in der von Ihnen gew\u00fcnschten Menge. Gerne erstellen wir auf Anfrage ein individuelles Preisangebot. <\/p>\n<p>[\/et_pb_text][\/et_pb_column][\/et_pb_row][et_pb_row _builder_version=&#8220;4.22.2&#8243; _module_preset=&#8220;default&#8220; global_colors_info=&#8220;{}&#8220;][et_pb_column type=&#8220;4_4&#8243; _builder_version=&#8220;4.22.2&#8243; _module_preset=&#8220;default&#8220; global_colors_info=&#8220;{}&#8220;][et_pb_text _builder_version=&#8220;4.23.4&#8243; _module_preset=&#8220;default&#8220; hover_enabled=&#8220;0&#8243; global_colors_info=&#8220;{}&#8220; sticky_enabled=&#8220;0&#8243;]<\/p>\n<p><strong>M\u00f6chten Sie sich ein Preisangebot erstellen lassen?<\/strong> Dann f\u00fcllen Sie einfach das unten angef\u00fchrte <a href=\"#contactForm\">Kontaktformular<\/a> aus. F\u00fchren Sie auch jenes Produkt an, an dem Sie interessiert sind, einschlie\u00dflich der gew\u00fcnschten Menge. Wir melden uns dann umgehend bei Ihnen mit einem konkreten Preisangebot. <\/p>\n<p>Oder ben\u00f6tigen Sie eine fachspezifische Beratung und m\u00f6chten Sie Ihr Anliegen gerne mit uns telefonisch besprechen? Alle notwendigen Kontakte finden Sie <a href=\"https:\/\/www.biosfor.eu\/de\/kontakte\/\">hier<\/a>. <\/p>\n<p>[\/et_pb_text][\/et_pb_column][\/et_pb_row][\/et_pb_section]<\/p>\n","protected":false},"excerpt":{"rendered":"<p>Preisliste f\u00fcr D\u00fcngermittel und Wachstumsstimulanzien f\u00fcr die Landwirtschaft Wir liefern Wachstumsstimulanzien, Blattd\u00fcnger und technische Pr\u00e4parate stets in der von Ihnen gew\u00fcnschten Menge. Gerne erstellen wir auf Anfrage ein individuelles Preisangebot. M\u00f6chten Sie sich ein Preisangebot erstellen lassen? Dann f\u00fcllen Sie einfach das unten angef\u00fchrte Kontaktformular aus. F\u00fchren Sie auch jenes Produkt an, an dem Sie [&hellip;]<\/p>\n","protected":false},"author":1,"featured_media":0,"parent":0,"menu_order":0,"comment_status":"closed","ping_status":"closed","template":"","meta":{"_et_pb_use_builder":"on","_et_pb_old_content":"","_et_gb_content_width":"","inline_featured_image":false,"footnotes":""},"class_list":["post-2039","page","type-page","status-publish","hentry"],"_links":{"self":[{"href":"https:\/\/www.biosfor.eu\/de\/wp-json\/wp\/v2\/pages\/2039","targetHints":{"allow":["GET"]}}],"collection":[{"href":"https:\/\/www.biosfor.eu\/de\/wp-json\/wp\/v2\/pages"}],"about":[{"href":"https:\/\/www.biosfor.eu\/de\/wp-json\/wp\/v2\/types\/page"}],"author":[{"embeddable":true,"href":"https:\/\/www.biosfor.eu\/de\/wp-json\/wp\/v2\/users\/1"}],"replies":[{"embeddable":true,"href":"https:\/\/www.biosfor.eu\/de\/wp-json\/wp\/v2\/comments?post=2039"}],"version-history":[{"count":2,"href":"https:\/\/www.biosfor.eu\/de\/wp-json\/wp\/v2\/pages\/2039\/revisions"}],"predecessor-version":[{"id":2041,"href":"https:\/\/www.biosfor.eu\/de\/wp-json\/wp\/v2\/pages\/2039\/revisions\/2041"}],"wp:attachment":[{"href":"https:\/\/www.biosfor.eu\/de\/wp-json\/wp\/v2\/media?parent=2039"}],"curies":[{"name":"wp","href":"https:\/\/api.w.org\/{rel}","templated":true}]}}