{"id":2024,"date":"2023-10-10T22:27:42","date_gmt":"2023-10-10T22:27:42","guid":{"rendered":"https:\/\/www.biosfor.eu\/kontakte\/"},"modified":"2026-04-13T09:39:29","modified_gmt":"2026-04-13T09:39:29","slug":"kontakte","status":"publish","type":"page","link":"https:\/\/www.biosfor.eu\/de\/kontakte\/","title":{"rendered":"Kontakte"},"content":{"rendered":"<p>[et_pb_section fb_built=&#8220;1&#8243; _builder_version=&#8220;4.22.2&#8243; _module_preset=&#8220;default&#8220; global_colors_info=&#8220;{}&#8220;][et_pb_row _builder_version=&#8220;4.22.2&#8243; _module_preset=&#8220;default&#8220; global_colors_info=&#8220;{}&#8220;][et_pb_column type=&#8220;4_4&#8243; _builder_version=&#8220;4.22.2&#8243; _module_preset=&#8220;default&#8220; global_colors_info=&#8220;{}&#8220;][et_pb_text module_class=&#8220;annotation-box&#8220; _builder_version=&#8220;4.23.4&#8243; _module_preset=&#8220;default&#8220; global_colors_info=&#8220;{}&#8220;]<\/p>\n<h1>Kontakte des Unternehmens BIOSFOR<\/h1>\n<p>[\/et_pb_text][\/et_pb_column][\/et_pb_row][et_pb_row column_structure=&#8220;1_2,1_2&#8243; _builder_version=&#8220;4.22.2&#8243; _module_preset=&#8220;default&#8220; global_colors_info=&#8220;{}&#8220;][et_pb_column type=&#8220;1_2&#8243; _builder_version=&#8220;4.22.2&#8243; _module_preset=&#8220;default&#8220; global_colors_info=&#8220;{}&#8220;][et_pb_map address=&#8220;Slepotice 36, 530 02 Slepotice, \u010cesko&#8220; zoom_level=&#8220;17&#8243; address_lat=&#8220;49.992239&#8243; address_lng=&#8220;15.963064&#8243; _builder_version=&#8220;4.23.4&#8243; _module_preset=&#8220;default&#8220; global_colors_info=&#8220;{}&#8220;][et_pb_map_pin title=&#8220;Biosfor, s.r.o.&#8220; pin_address=&#8220;Slepotice 36, 530 02 Slepotice, \u010cesko&#8220; zoom_level=&#8220;16&#8243; pin_address_lat=&#8220;49.9921919&#8243; pin_address_lng=&#8220;15.9633624&#8243; _builder_version=&#8220;4.22.2&#8243; _module_preset=&#8220;default&#8220; global_colors_info=&#8220;{}&#8220;][\/et_pb_map_pin][\/et_pb_map][\/et_pb_column][et_pb_column type=&#8220;1_2&#8243; _builder_version=&#8220;4.22.2&#8243; _module_preset=&#8220;default&#8220; global_colors_info=&#8220;{}&#8220;][et_pb_text _builder_version=&#8220;4.23.4&#8243; _module_preset=&#8220;default&#8220; global_colors_info=&#8220;{}&#8220;]<\/p>\n<p><strong>BIOSFOR, s.r.o.<\/strong><br \/>Slepotice 36<br \/>530 02 Pardubice, Tschechien<\/p>\n<p><strong>E-Mail<\/strong>: <a href=\"mailto:vit.socha@biosfor.cz\">vit.socha@biosfor.cz<\/a><br \/><strong>Telefon<\/strong>: <a href=\"tel:+420%20739%20429%20746\">+420 739 429 746<\/a><\/p>\n<p>Interessenten k\u00f6nnen jederzeit tags\u00fcber (oder auch an Wochenenden) anrufen.<\/p>\n<p><strong>Firmen-Nr.:<\/strong> 25986988<\/p>\n<p>Die Gesellschaft ist im Handelsregister beim Kreisgericht Hradec Kr\u00e1lov\u00e9 (K\u00f6niggr\u00e4tz), Abteil C, Einlage 18691 eingetragen.<\/p>\n<p>[\/et_pb_text][\/et_pb_column][\/et_pb_row][et_pb_row _builder_version=&#8220;4.22.2&#8243; _module_preset=&#8220;default&#8220; custom_padding=&#8220;||0px||false|false&#8220; global_colors_info=&#8220;{}&#8220;][et_pb_column type=&#8220;4_4&#8243; _builder_version=&#8220;4.22.2&#8243; _module_preset=&#8220;default&#8220; global_colors_info=&#8220;{}&#8220;][et_pb_text _builder_version=&#8220;4.23.4&#8243; _module_preset=&#8220;default&#8220; global_colors_info=&#8220;{}&#8220;]<\/p>\n<h2>Kontakte zu den einzelnen Mitarbeitern<\/h2>\n<p>[\/et_pb_text][\/et_pb_column][\/et_pb_row][et_pb_row column_structure=&#8220;1_3,1_3,1_3&#8243; _builder_version=&#8220;4.22.2&#8243; _module_preset=&#8220;default&#8220; custom_padding=&#8220;0px||||false|false&#8220; global_colors_info=&#8220;{}&#8220;][et_pb_column type=&#8220;1_3&#8243; _builder_version=&#8220;4.22.2&#8243; _module_preset=&#8220;default&#8220; global_colors_info=&#8220;{}&#8220;][et_pb_text _builder_version=&#8220;4.27.6&#8243; _module_preset=&#8220;default&#8220; hover_enabled=&#8220;0&#8243; global_colors_info=&#8220;{}&#8220; sticky_enabled=&#8220;0&#8243;]<\/p>\n<h3>Gesch\u00e4ftsabteilung<\/h3>\n<h4>Ing. Martin Pavl\u00edk M.Sc.<\/h4>\n<p><strong>Telefon<\/strong>: <a title=\"Rufen Sie uns an\" href=\"tel:+420705943090\">+420 705 943 090<\/a><br \/><strong>E-Mail<\/strong>: <a title=\"Schreiben Sie uns\" href=\"mailto:martin@biosfor.cz\">martin@biosfor.cz<\/a><\/p>\n<p>[\/et_pb_text][\/et_pb_column][et_pb_column type=&#8220;1_3&#8243; _builder_version=&#8220;4.22.2&#8243; _module_preset=&#8220;default&#8220; global_colors_info=&#8220;{}&#8220;][et_pb_text _builder_version=&#8220;4.23.4&#8243; _module_preset=&#8220;default&#8220; global_colors_info=&#8220;{}&#8220;]<\/p>\n<h3>Verwaltung, B\u00fcro<\/h3>\n<h4>Mgr. Lenka&nbsp;Pavl\u00edkov\u00e1 <\/h4>\n<p><strong>Telefon<\/strong>: <a title=\"Rufen Sie uns an\" href=\"tel:+420774986433\">+420 774 986 433<\/a><br \/><strong>E-Mail<\/strong>: <a title=\"Schreiben Sie uns\" href=\"mailto:lenka@biosfor.cz\">lenka@biosfor.cz<\/a><\/p>\n<p>[\/et_pb_text][\/et_pb_column][et_pb_column type=&#8220;1_3&#8243; _builder_version=&#8220;4.22.2&#8243; _module_preset=&#8220;default&#8220; global_colors_info=&#8220;{}&#8220;][et_pb_text _builder_version=&#8220;4.23.4&#8243; _module_preset=&#8220;default&#8220; global_colors_info=&#8220;{}&#8220;]<\/p>\n<h3>Technologe<\/h3>\n<h4>Ing. V\u00edt Socha<\/h4>\n<p><strong>Telefon<\/strong>: <a title=\"Rufen Sie uns an\" href=\"tel:+420739429746\">+420 739 429 746<\/a><br \/><strong>E-Mail<\/strong>: <a title=\"Schreiben Sie uns\" href=\"mailto:vit.socha@biosfor.cz\">vit.socha@biosfor.cz<\/a><\/p>\n<p>[\/et_pb_text][\/et_pb_column][\/et_pb_row][\/et_pb_section]<\/p>\n","protected":false},"excerpt":{"rendered":"<p>Kontakte des Unternehmens BIOSFORBIOSFOR, s.r.o.Slepotice 36530 02 Pardubice, Tschechien E-Mail: vit.socha@biosfor.czTelefon: +420 739 429 746 Interessenten k\u00f6nnen jederzeit tags\u00fcber (oder auch an Wochenenden) anrufen. Firmen-Nr.: 25986988 Die Gesellschaft ist im Handelsregister beim Kreisgericht Hradec Kr\u00e1lov\u00e9 (K\u00f6niggr\u00e4tz), Abteil C, Einlage 18691 eingetragen.Kontakte zu den einzelnen MitarbeiternGesch\u00e4ftsabteilungIng. Martin Pavl\u00edk M.Sc.Telefon: +420 705 943 090E-Mail: martin@biosfor.czVerwaltung, B\u00fcroMgr. Lenka&nbsp;Pavl\u00edkov\u00e1 [&hellip;]<\/p>\n","protected":false},"author":1,"featured_media":0,"parent":0,"menu_order":0,"comment_status":"closed","ping_status":"closed","template":"","meta":{"_et_pb_use_builder":"on","_et_pb_old_content":"","_et_gb_content_width":"","inline_featured_image":false,"footnotes":""},"class_list":["post-2024","page","type-page","status-publish","hentry"],"_links":{"self":[{"href":"https:\/\/www.biosfor.eu\/de\/wp-json\/wp\/v2\/pages\/2024","targetHints":{"allow":["GET"]}}],"collection":[{"href":"https:\/\/www.biosfor.eu\/de\/wp-json\/wp\/v2\/pages"}],"about":[{"href":"https:\/\/www.biosfor.eu\/de\/wp-json\/wp\/v2\/types\/page"}],"author":[{"embeddable":true,"href":"https:\/\/www.biosfor.eu\/de\/wp-json\/wp\/v2\/users\/1"}],"replies":[{"embeddable":true,"href":"https:\/\/www.biosfor.eu\/de\/wp-json\/wp\/v2\/comments?post=2024"}],"version-history":[{"count":10,"href":"https:\/\/www.biosfor.eu\/de\/wp-json\/wp\/v2\/pages\/2024\/revisions"}],"predecessor-version":[{"id":2315,"href":"https:\/\/www.biosfor.eu\/de\/wp-json\/wp\/v2\/pages\/2024\/revisions\/2315"}],"wp:attachment":[{"href":"https:\/\/www.biosfor.eu\/de\/wp-json\/wp\/v2\/media?parent=2024"}],"curies":[{"name":"wp","href":"https:\/\/api.w.org\/{rel}","templated":true}]}}