{"id":2017,"date":"2023-10-10T15:01:08","date_gmt":"2023-10-10T15:01:08","guid":{"rendered":"https:\/\/www.biosfor.eu\/ueber-uns\/"},"modified":"2024-02-19T16:38:08","modified_gmt":"2024-02-19T16:38:08","slug":"ueber-uns","status":"publish","type":"page","link":"https:\/\/www.biosfor.eu\/de\/ueber-uns\/","title":{"rendered":"\u00dcber uns"},"content":{"rendered":"<p>[et_pb_section fb_built=&#8220;1&#8243; _builder_version=&#8220;4.22.2&#8243; _module_preset=&#8220;default&#8220; global_colors_info=&#8220;{}&#8220;][et_pb_row _builder_version=&#8220;4.22.2&#8243; _module_preset=&#8220;default&#8220; global_colors_info=&#8220;{}&#8220;][et_pb_column type=&#8220;4_4&#8243; _builder_version=&#8220;4.22.2&#8243; _module_preset=&#8220;default&#8220; global_colors_info=&#8220;{}&#8220;][et_pb_post_title meta=&#8220;off&#8220; featured_image=&#8220;off&#8220; _builder_version=&#8220;4.23.4&#8243; _module_preset=&#8220;default&#8220; global_colors_info=&#8220;{}&#8220;][\/et_pb_post_title][\/et_pb_column][\/et_pb_row][et_pb_row column_structure=&#8220;3_5,2_5&#8243; _builder_version=&#8220;4.22.2&#8243; _module_preset=&#8220;default&#8220; global_colors_info=&#8220;{}&#8220;][et_pb_column type=&#8220;3_5&#8243; _builder_version=&#8220;4.22.2&#8243; _module_preset=&#8220;default&#8220; global_colors_info=&#8220;{}&#8220;][et_pb_text module_class=&#8220;annotation-box&#8220; _builder_version=&#8220;4.23.4&#8243; _module_preset=&#8220;default&#8220; global_colors_info=&#8220;{}&#8220;]<\/p>\n<p><strong>Seit mehr als 15 Jahren<\/strong> Jahren stellt das Unternehmen BIOSFOR, s.r.o. Erzeugnisse nach eigenen Patenten und Industriedesigns her. Bei unserer Arbeit nutzen wir die Ergebnisse der hauseigenen Forschung und Entwicklung. Gleichzeitig <strong>kooperieren wir mit spezialisierten Arbeitsstellen<\/strong> verschiedener Universit\u00e4ten und Forschungsinstitute.  <\/p>\n<p>[\/et_pb_text][et_pb_text _builder_version=&#8220;4.23.4&#8243; _module_preset=&#8220;default&#8220; global_colors_info=&#8220;{}&#8220;]<\/p>\n<p><strong>Die firmeneigenen Grundst\u00fccke und Geb\u00e4ude<\/strong> befinden sich in der b\u00f6hmischen Gemeinde <a title=\"Kontakte\" href=\"https:\/\/www.biosfor.eu\/de\/kontakte\/\">Slepotice<\/a> im Bezirk Pardubitz. Dar\u00fcber hinaus befasst sich unser Unternehmen mit Beratungsdienstleistungen im Bereich Chemikalien f\u00fcr Landwirtschaft, Industrie und Haushalte. <\/p>\n<blockquote>\n<p><strong>BIOSFOR, s.r.o.<\/strong> ist ein jahrelang erfahrener Erzeuger von Wachstumsregulatoren f\u00fcr die landwirtschaftliche Massenproduktion. <\/p>\n<\/blockquote>\n<p>[\/et_pb_text][\/et_pb_column][et_pb_column type=&#8220;2_5&#8243; _builder_version=&#8220;4.22.2&#8243; _module_preset=&#8220;default&#8220; global_colors_info=&#8220;{}&#8220;][et_pb_image src=&#8220;https:\/\/www.biosfor.eu\/wp-content\/uploads\/dsc-4507-res.jpg&#8220; title_text=&#8220;Unsere Grundst\u00fccke und Geb\u00e4ude&#8220; _builder_version=&#8220;4.22.2&#8243; _module_preset=&#8220;default&#8220; global_colors_info=&#8220;{}&#8220;][\/et_pb_image][\/et_pb_column][\/et_pb_row][et_pb_row _builder_version=&#8220;4.22.2&#8243; _module_preset=&#8220;default&#8220; global_colors_info=&#8220;{}&#8220;][et_pb_column type=&#8220;4_4&#8243; _builder_version=&#8220;4.22.2&#8243; _module_preset=&#8220;default&#8220; global_colors_info=&#8220;{}&#8220;][et_pb_text _builder_version=&#8220;4.23.4&#8243; _module_preset=&#8220;default&#8220; global_colors_info=&#8220;{}&#8220;]<\/p>\n<h2>Weitere Fotos von unserer Betriebsst\u00e4tte<\/h2>\n<p>[\/et_pb_text][et_pb_gallery gallery_ids=&#8220;511,510&#8243; posts_number=&#8220;2&#8243; show_title_and_caption=&#8220;off&#8220; show_pagination=&#8220;off&#8220; _builder_version=&#8220;4.22.2&#8243; _module_preset=&#8220;default&#8220; global_colors_info=&#8220;{}&#8220;][\/et_pb_gallery][\/et_pb_column][\/et_pb_row][\/et_pb_section]<\/p>\n","protected":false},"excerpt":{"rendered":"<p>Seit mehr als 15 Jahren Jahren stellt das Unternehmen BIOSFOR, s.r.o. Erzeugnisse nach eigenen Patenten und Industriedesigns her. Bei unserer Arbeit nutzen wir die Ergebnisse der hauseigenen Forschung und Entwicklung. Gleichzeitig kooperieren wir mit spezialisierten Arbeitsstellen verschiedener Universit\u00e4ten und Forschungsinstitute. Die firmeneigenen Grundst\u00fccke und Geb\u00e4ude befinden sich in der b\u00f6hmischen Gemeinde Slepotice im Bezirk Pardubitz. [&hellip;]<\/p>\n","protected":false},"author":1,"featured_media":0,"parent":0,"menu_order":0,"comment_status":"closed","ping_status":"closed","template":"","meta":{"_et_pb_use_builder":"on","_et_pb_old_content":"","_et_gb_content_width":"","inline_featured_image":false,"footnotes":""},"class_list":["post-2017","page","type-page","status-publish","hentry"],"_links":{"self":[{"href":"https:\/\/www.biosfor.eu\/de\/wp-json\/wp\/v2\/pages\/2017","targetHints":{"allow":["GET"]}}],"collection":[{"href":"https:\/\/www.biosfor.eu\/de\/wp-json\/wp\/v2\/pages"}],"about":[{"href":"https:\/\/www.biosfor.eu\/de\/wp-json\/wp\/v2\/types\/page"}],"author":[{"embeddable":true,"href":"https:\/\/www.biosfor.eu\/de\/wp-json\/wp\/v2\/users\/1"}],"replies":[{"embeddable":true,"href":"https:\/\/www.biosfor.eu\/de\/wp-json\/wp\/v2\/comments?post=2017"}],"version-history":[{"count":7,"href":"https:\/\/www.biosfor.eu\/de\/wp-json\/wp\/v2\/pages\/2017\/revisions"}],"predecessor-version":[{"id":2031,"href":"https:\/\/www.biosfor.eu\/de\/wp-json\/wp\/v2\/pages\/2017\/revisions\/2031"}],"wp:attachment":[{"href":"https:\/\/www.biosfor.eu\/de\/wp-json\/wp\/v2\/media?parent=2017"}],"curies":[{"name":"wp","href":"https:\/\/api.w.org\/{rel}","templated":true}]}}